{"id":4263,"date":"2022-08-03T20:08:49","date_gmt":"2022-08-03T18:08:49","guid":{"rendered":"https:\/\/chateau-veves.be\/het-kasteel-huren\/"},"modified":"2025-04-22T17:36:17","modified_gmt":"2025-04-22T15:36:17","slug":"ons-project-onze-sponsors","status":"publish","type":"page","link":"https:\/\/chateau-veves.be\/nl\/ons-project-onze-sponsors\/","title":{"rendered":"Ons project &#8211; Onze sponsors"},"content":{"rendered":"<div class=\"wpb-content-wrapper\"><p>[vc_row css=&#8221;.vc_custom_1659553366242{margin-top: 50px !important;}&#8221;][vc_column]<div class=\"eltdf-elements-holder  eltdf-eh-full-height eltdf-two-columns  eltdf-responsive-mode-1024 eltdf-one-column-alignment-left\" style=\"background-color: #f8f8f8\"><div class=\"eltdf-eh-item    \"  data-item-class=\"eltdf-eh-custom-7146\" data-1400-1600=\"174px 18% 186px 16%\" data-1025-1399=\"174px 12.8% 186px 12.8%\" data-769-1024=\"147px 18.9% 160px 11.9%\" data-681-768=\"147px 10% 160px 10%\" data-680=\"147px 30px 160px 30px\">\n\t<div class=\"eltdf-eh-item-inner\">\n\t\t<div class=\"eltdf-eh-item-content eltdf-eh-custom-7146\" style=\"padding: 100px 20.7% 110px 26.1%\">\n\t\t\t<div class=\"eltdf-section-title-holder   \" style=\"text-align: left\">\n\t<div class=\"eltdf-st-inner\">\n                    <span class=\"eltdf-st-caption\" style=\"color: #c9ab81;margin: 0 0 6px 0\">\n                <span class=\"eltdf-st-caption-inner\" >Ons kasteel<\/span>\n            <\/span>\n        \t\t\t\t\t<h2 class=\"eltdf-st-title\" >\n    <span class=\"eltdf-st-title-inner\"><span class=\"eltdf-st-side-line-left\" ><\/span>Trots op het lokale erfgoed<span class=\"eltdf-st-side-line-right\" ><\/span><\/span>\n\t\t\t<\/h2>\n\t\t\t\t\t\t\t<\/div>\n<\/div>[vc_empty_space height=&#8221;3px&#8221;][vc_column_text css=&#8221;&#8221;]<\/p>\n<p style=\"font-weight: 400;\">De VZW des amis du Ch\u00e2teau de Veves is er trots op het lokale erfgoed, en in het bijzonder het Ch\u00e2teau de V\u00eaves, te kunnen promoten en het behoud ervan te verzekeren.<\/p>\n<p style=\"font-weight: 400;\">Op initiatief van de familie Liedekerke Beaufort, die dit erfgoed al meer dan 600 jaar in familiehanden heeft, heeft de VZW twee belangrijke missies:<\/p>\n<ul style=\"font-weight: 400;\">\n<li><strong>Families en kinderen verwelkomen<\/strong> om het lokale erfgoed te ontdekken. Het is voor ons heel belangrijk om mensen de GESCHIEDENIS van het kasteel en zijn leven te laten ontdekken in een familiale en speelse sfeer. Onze prioriteit is dat gezinnen een moment van tijd kunnen doorbrengen met het ontdekken van het kasteel terwijl ze samen spelen.<\/li>\n<li><strong>Het hele gebouw onderhouden<\/strong> (gebouwen, daken, schilderijen, steenwerk, enz.) en de collecties die door de familie ter beschikking zijn gesteld.<\/li>\n<\/ul>\n<p style=\"font-weight: 400;\">Hartelijk dank aan onze teams voor het buitengewone werk dat ze dagelijks verrichten en aan onze mecenassen die elk op hun eigen manier bijdragen aan deze missies.<\/p>\n<p>[\/vc_column_text][vc_empty_space height=&#8221;25px&#8221;]\t\t<\/div>\n\t<\/div>\n<\/div><div class=\"eltdf-eh-item    \" style=\"background-image: url(https:\/\/chateau-veves.be\/wp-content\/uploads\/2024\/07\/chaeau.jpg)\" data-item-class=\"eltdf-eh-custom-6585\" data-1400-1600=\"0 0 0 0\" data-1025-1399=\"0 0 0 0\" data-769-1024=\"364px 0\" data-681-768=\"364px 0\" data-680=\"364px 0\">\n\t<div class=\"eltdf-eh-item-inner\">\n\t\t<div class=\"eltdf-eh-item-content eltdf-eh-custom-6585\" style=\"padding: 0 0 0 0\">\n\t\t\t\t\t<\/div>\n\t<\/div>\n<\/div><\/div>[\/vc_column][\/vc_row][vc_row][vc_column]<div class=\"eltdf-elements-holder  eltdf-eh-full-height eltdf-two-columns  eltdf-responsive-mode-1024 eltdf-one-column-alignment-left\" style=\"background-color: #f8f8f8\"><div class=\"eltdf-eh-item    \" style=\"background-image: url(https:\/\/chateau-veves.be\/wp-content\/uploads\/2024\/07\/chaeau2-1.jpg)\" data-item-class=\"eltdf-eh-custom-5231\" data-1400-1600=\"0 0 0 0\" data-1025-1399=\"0 0 0 0\" data-769-1024=\"364px 0\" data-681-768=\"364px 0\" data-680=\"364px 0\">\n\t<div class=\"eltdf-eh-item-inner\">\n\t\t<div class=\"eltdf-eh-item-content eltdf-eh-custom-5231\" style=\"padding: 0 0 0 0\">\n\t\t\t\t\t<\/div>\n\t<\/div>\n<\/div><div class=\"eltdf-eh-item    \"  data-item-class=\"eltdf-eh-custom-7514\" data-1400-1600=\"174px 18% 186px 16%\" data-1025-1399=\"174px 12.8% 186px 12.8%\" data-769-1024=\"147px 18.9% 160px 11.9%\" data-681-768=\"147px 10% 160px 10%\" data-680=\"147px 30px 160px 30px\">\n\t<div class=\"eltdf-eh-item-inner\">\n\t\t<div class=\"eltdf-eh-item-content eltdf-eh-custom-7514\" style=\"padding: 100px 20.7% 110px 26.1%\">\n\t\t\t<div class=\"eltdf-section-title-holder   \" style=\"text-align: left\">\n\t<div class=\"eltdf-st-inner\">\n                    <span class=\"eltdf-st-caption\" style=\"color: #c9ab81;margin: 0 0 6px 0\">\n                <span class=\"eltdf-st-caption-inner\" >Steun ons project<\/span>\n            <\/span>\n        \t\t\t\t\t<h2 class=\"eltdf-st-title\" >\n    <span class=\"eltdf-st-title-inner\"><span class=\"eltdf-st-side-line-left\" ><\/span>Hoe jij kunt helpen ?<span class=\"eltdf-st-side-line-right\" ><\/span><\/span>\n\t\t\t<\/h2>\n\t\t\t\t\t\t\t<\/div>\n<\/div>[vc_empty_space height=&#8221;3px&#8221;][vc_column_text css=&#8221;&#8221;]<\/p>\n<p class=\"\" data-start=\"0\" data-end=\"257\">Bent u gepassioneerd door geschiedenis, de regio of het overdragen van kennis?<br data-start=\"82\" data-end=\"85\" \/>Uw tijd en kennis zijn altijd welkom om ons te helpen en te ondersteunen bij het verbeteren van de ontvangst, de historische of educatieve inhoud. Er is geen \u201ckleine\u201d hulp\u2026<\/p>\n<p class=\"\" data-start=\"259\" data-end=\"393\">Wilt u deelnemen aan een restauratieproject door een financi\u00eble bijdrage te leveren?<br data-start=\"347\" data-end=\"350\" \/>Er zijn volop projecten om uit te kiezen&#8230;<\/p>\n<p class=\"\" data-start=\"395\" data-end=\"545\">Wil uw bedrijf zich aansluiten bij het kasteel door vaardigheden, producten of een beetje tijd bij te dragen?<br data-start=\"508\" data-end=\"511\" \/>Uw idee\u00ebn zijn van harte welkom&#8230;<\/p>\n<p class=\"\" data-start=\"547\" data-end=\"626\">Hartelijk dank aan iedereen voor uw steun bij het behoud van dit mooie kasteel.<\/p>\n<p class=\"\" data-start=\"628\" data-end=\"713\">C\u00e9cile de Liedekerke Beaufort<br data-start=\"661\" data-end=\"664\" \/>Pr\u00e9sidente de l\u2019ASBL des Amis du Ch\u00e2teau de V\u00eaves<\/p>\n<p>[\/vc_column_text][vc_empty_space height=&#8221;25&#8243;]\t\t<\/div>\n\t<\/div>\n<\/div><\/div>[\/vc_column][\/vc_row][vc_row content_placement=&#8221;middle&#8221; content_text_aligment=&#8221;left&#8221; simple_background_color=&#8221;#f8f8f8&#8243;][vc_column]<div class=\"eltdf-elements-holder   eltdf-three-columns  eltdf-responsive-mode-1024 eltdf-one-column-alignment-left\" style=\"background-color: #f8f8f8\"><div class=\"eltdf-eh-item    \"  data-item-class=\"eltdf-eh-custom-8530\" data-1400-1600=\"0 0 8px 65px\" data-1025-1399=\"0 0 8px 40px\" data-769-1024=\"148px 0 155px 110px\" data-681-768=\"148px 0 155px 76px\" data-680=\"88px 30px 95px\">\n\t<div class=\"eltdf-eh-item-inner\">\n\t\t<div class=\"eltdf-eh-item-content eltdf-eh-custom-8530\" style=\"padding: 0 0 0 120px\">\n\t\t\t<div class=\"eltdf-section-title-holder   \" >\n\t<div class=\"eltdf-st-inner\">\n                    <span class=\"eltdf-st-caption\" style=\"color: #c9ab81;margin: 0 0 6px 0\">\n                <span class=\"eltdf-st-caption-inner\" >We beantwoorden uw vragen<\/span>\n            <\/span>\n        \t\t\t\t\t<h2 class=\"eltdf-st-title\" style=\"color: #4e4e4e;font-size: 30px\">\n    <span class=\"eltdf-st-title-inner\"><span class=\"eltdf-st-side-line-left\" ><\/span>CONTACTEER<span class=\"eltdf-st-side-line-right\" ><\/span><\/span>\n\t\t\t<\/h2>\n\t\t\t\t\t\t\t<\/div>\n<\/div>[vc_empty_space height=&#8221;4px&#8221;][vc_column_text]<a href=\"https:\/\/www.google.com\/maps\/place\/Ch\u00e2teau+de+V\u00eaves\/@50.2207248,4.9801793,17z\/data=!3m1!4b1!4m5!3m4!1s0x47c1c0b5a9fbba6b:0x18c108919e471138!8m2!3d50.2207214!4d4.982368\" target=\"_blank\" rel=\"noopener noreferrer\">Rue de Furfooz, 3 &#8211;\u00a05561 Celles<\/a>[\/vc_column_text][vc_column_text]<a href=\"tel:0082666395\">+32 82 66 63 95<\/a>[\/vc_column_text][vc_column_text]<a href=\"mailto:contact@chateau-veves.be\">contact@chateau-veves.be<\/a>[\/vc_column_text][vc_empty_space height=&#8221;24px&#8221;]    <span class=\"eltdf-icon-shortcode eltdf-normal   \" style=\"margin: 0 20px 0 0\" data-hover-color=\"#c9ab81\" data-color=\"#4e4e4e\">\n                    <a itemprop=\"url\" class=\"\" href=\"https:\/\/www.facebook.com\/ChateauVeves\" target=\"_blank\">\n                    <span aria-hidden=\"true\" class=\"eltdf-icon-font-elegant social_facebook eltdf-icon-element\" style=\"color: #4e4e4e;font-size:13px\" ><\/span>                    <\/a>\n            <\/span>\n    <span class=\"eltdf-icon-shortcode eltdf-normal   \" style=\"margin: 0 22px 0 0\" data-hover-color=\"#c9ab81\" data-color=\"#4e4e4e\">\n                    <a itemprop=\"url\" class=\"\" href=\"https:\/\/www.instagram.com\/chateaudeveves\/\" target=\"_blank\">\n                    <span aria-hidden=\"true\" class=\"eltdf-icon-font-elegant social_instagram eltdf-icon-element\" style=\"color: #4e4e4e;font-size:13px\" ><\/span>                    <\/a>\n            <\/span>\n\t\t<\/div>\n\t<\/div>\n<\/div><div class=\"eltdf-eh-item    \"  data-item-class=\"eltdf-eh-custom-9124\" data-1400-1600=\"0 0 0 0\" data-1025-1399=\"0 0 0 0\" data-769-1024=\"0 0 0 0\" data-681-768=\"0 0 0 0\" data-680=\"0 0 0 0\">\n\t<div class=\"eltdf-eh-item-inner\">\n\t\t<div class=\"eltdf-eh-item-content eltdf-eh-custom-9124\" style=\"padding: 0 0 1px 0\">\n\t\t\t[vc_gmaps link=&#8221;#E-8_JTNDaWZyYW1lJTIwc3JjJTNEJTIyaHR0cHMlM0ElMkYlMkZ3d3cuZ29vZ2xlLmNvbSUyRm1hcHMlMkZlbWJlZCUzRnBiJTNEJTIxMW0xOCUyMTFtMTIlMjExbTMlMjExZDI1NTIuODEyNDY2MDg0MDAyNiUyMTJkNC45ODAxNzkzMTU4MzgxNzMlMjEzZDUwLjIyMDcyNDgxMTc3MTk5JTIxMm0zJTIxMWYwJTIxMmYwJTIxM2YwJTIxM20yJTIxMWkxMDI0JTIxMmk3NjglMjE0ZjEzLjElMjEzbTMlMjExbTIlMjExczB4NDdjMWMwYjVhOWZiYmE2YiUyNTNBMHgxOGMxMDg5MTllNDcxMTM4JTIxMnpRMmpEb25SbFlYVWdaR1VnVnNPcWRtVnolMjE1ZTAlMjEzbTIlMjExc2ZyJTIxMnNiZSUyMTR2MTU5NDg2MjgyODAzMSUyMTVtMiUyMTFzZnIlMjEyc2JlJTIyJTIwd2lkdGglM0QlMjI2MDAlMjIlMjBoZWlnaHQlM0QlMjI0NTAlMjIlMjBmcmFtZWJvcmRlciUzRCUyMjAlMjIlMjBzdHlsZSUzRCUyMmJvcmRlciUzQTAlM0IlMjIlMjBhbGxvd2Z1bGxzY3JlZW4lM0QlMjIlMjIlMjBhcmlhLWhpZGRlbiUzRCUyMmZhbHNlJTIyJTIwdGFiaW5kZXglM0QlMjIwJTIyJTNFJTNDJTJGaWZyYW1lJTNF&#8221;]\t\t<\/div>\n\t<\/div>\n<\/div><div class=\"eltdf-eh-item    \"  data-item-class=\"eltdf-eh-custom-2072\" data-1400-1600=\"0 65px 12px\" data-1025-1399=\"0 40px 12px\" data-769-1024=\"148px 520px 160px 110px\" data-681-768=\"148px 320px 160px 76px\" data-680=\"88px 30px 100px\">\n\t<div class=\"eltdf-eh-item-inner\">\n\t\t<div class=\"eltdf-eh-item-content eltdf-eh-custom-2072\" style=\"padding: 0 150px 12px 120px\">\n\t\t\t<div class=\"eltdf-section-title-holder   \" >\n\t<div class=\"eltdf-st-inner\">\n                    <span class=\"eltdf-st-caption\" style=\"color: #c9ab81;margin: 0 0 6px 0\">\n                <span class=\"eltdf-st-caption-inner\" >Een unieke ervaring<\/span>\n            <\/span>\n        \t\t\t\t\t<h2 class=\"eltdf-st-title\" style=\"color: #4e4e4e;font-size: 30px\">\n    <span class=\"eltdf-st-title-inner\"><span class=\"eltdf-st-side-line-left\" ><\/span>RONDLEIDING<span class=\"eltdf-st-side-line-right\" ><\/span><\/span>\n\t\t\t<\/h2>\n\t\t\t\t\t\t\t<p class=\"eltdf-st-text\" style=\"margin: 13px 0 0 0\">\n\t\t\t\tOntdek en beleef de geschiedenis van het Ch\u00e2teau de V\u00eaves tijdens een rondleiding. Onze gidsen bieden u een leuke en interactieve rondleiding, beschikbaar in 4 talen: Frans, Nederlands, Engels en Spaans.\t\t\t<\/p>\n\t\t\t\t\t<\/div>\n<\/div>[vc_empty_space height=&#8221;41px&#8221;]\t\t<\/div>\n\t<\/div>\n<\/div><\/div>[\/vc_column][\/vc_row]<\/p>\n<\/div>","protected":false},"excerpt":{"rendered":"<p>[vc_row css=&#8221;.vc_custom_1659553366242{margin-top: 50px !important;}&#8221;][vc_column][\/vc_column][\/vc_row][vc_row][vc_column][\/vc_column][\/vc_row][vc_row content_placement=&#8221;middle&#8221; content_text_aligment=&#8221;left&#8221; simple_background_color=&#8221;#f8f8f8&#8243;][vc_column][\/vc_column][\/vc_row]<\/p>\n","protected":false},"author":1,"featured_media":0,"parent":0,"menu_order":0,"comment_status":"closed","ping_status":"closed","template":"full-width.php","meta":{"footnotes":""},"class_list":["post-4263","page","type-page","status-publish","hentry"],"yoast_head":"<!-- This site is optimized with the Yoast SEO plugin v26.7 - https:\/\/yoast.com\/wordpress\/plugins\/seo\/ -->\n<title>Ons project - Onze sponsors &#8212; Ch\u00e2teau de V\u00eaves<\/title>\n<meta name=\"robots\" content=\"index, follow, max-snippet:-1, max-image-preview:large, max-video-preview:-1\" \/>\n<link rel=\"canonical\" href=\"https:\/\/chateau-veves.be\/nl\/ons-project-onze-sponsors\/\" \/>\n<meta property=\"og:locale\" content=\"nl_NL\" \/>\n<meta property=\"og:type\" content=\"article\" \/>\n<meta property=\"og:title\" content=\"Ons project - Onze sponsors &#8212; Ch\u00e2teau de V\u00eaves\" \/>\n<meta property=\"og:description\" content=\"[vc_row css=&#8221;.vc_custom_1659553366242{margin-top: 50px !important;}&#8221;][vc_column][\/vc_column][\/vc_row][vc_row][vc_column][\/vc_column][\/vc_row][vc_row content_placement=&#8221;middle&#8221; content_text_aligment=&#8221;left&#8221; simple_background_color=&#8221;#f8f8f8&#8243;][vc_column][\/vc_column][\/vc_row]\" \/>\n<meta property=\"og:url\" content=\"https:\/\/chateau-veves.be\/nl\/ons-project-onze-sponsors\/\" \/>\n<meta property=\"og:site_name\" content=\"Ch\u00e2teau de V\u00eaves\" \/>\n<meta property=\"article:publisher\" content=\"https:\/\/www.facebook.com\/ChateauVeves\" \/>\n<meta property=\"article:modified_time\" content=\"2025-04-22T15:36:17+00:00\" \/>\n<meta name=\"twitter:card\" content=\"summary_large_image\" \/>\n<meta name=\"twitter:label1\" content=\"Geschatte leestijd\" \/>\n\t<meta name=\"twitter:data1\" content=\"4 minuten\" \/>\n<script type=\"application\/ld+json\" class=\"yoast-schema-graph\">{\"@context\":\"https:\/\/schema.org\",\"@graph\":[{\"@type\":\"WebPage\",\"@id\":\"https:\/\/chateau-veves.be\/nl\/ons-project-onze-sponsors\/\",\"url\":\"https:\/\/chateau-veves.be\/nl\/ons-project-onze-sponsors\/\",\"name\":\"Ons project - Onze sponsors &#8212; Ch\u00e2teau de V\u00eaves\",\"isPartOf\":{\"@id\":\"http:\/\/chateau-veves.be\/nl\/#website\"},\"datePublished\":\"2022-08-03T18:08:49+00:00\",\"dateModified\":\"2025-04-22T15:36:17+00:00\",\"breadcrumb\":{\"@id\":\"https:\/\/chateau-veves.be\/nl\/ons-project-onze-sponsors\/#breadcrumb\"},\"inLanguage\":\"nl-NL\",\"potentialAction\":[{\"@type\":\"ReadAction\",\"target\":[\"https:\/\/chateau-veves.be\/nl\/ons-project-onze-sponsors\/\"]}]},{\"@type\":\"BreadcrumbList\",\"@id\":\"https:\/\/chateau-veves.be\/nl\/ons-project-onze-sponsors\/#breadcrumb\",\"itemListElement\":[{\"@type\":\"ListItem\",\"position\":1,\"name\":\"Home\",\"item\":\"https:\/\/chateau-veves.be\/nl\/\"},{\"@type\":\"ListItem\",\"position\":2,\"name\":\"Ons project &#8211; Onze sponsors\"}]},{\"@type\":\"WebSite\",\"@id\":\"http:\/\/chateau-veves.be\/nl\/#website\",\"url\":\"http:\/\/chateau-veves.be\/nl\/\",\"name\":\"Ch\u00e2teau de V\u00eaves\",\"description\":\"\",\"publisher\":{\"@id\":\"http:\/\/chateau-veves.be\/nl\/#organization\"},\"potentialAction\":[{\"@type\":\"SearchAction\",\"target\":{\"@type\":\"EntryPoint\",\"urlTemplate\":\"http:\/\/chateau-veves.be\/nl\/?s={search_term_string}\"},\"query-input\":{\"@type\":\"PropertyValueSpecification\",\"valueRequired\":true,\"valueName\":\"search_term_string\"}}],\"inLanguage\":\"nl-NL\"},{\"@type\":\"Organization\",\"@id\":\"http:\/\/chateau-veves.be\/nl\/#organization\",\"name\":\"Ch\u00e2teau de V\u00eaves\",\"url\":\"http:\/\/chateau-veves.be\/nl\/\",\"logo\":{\"@type\":\"ImageObject\",\"inLanguage\":\"nl-NL\",\"@id\":\"http:\/\/chateau-veves.be\/nl\/#\/schema\/logo\/image\/\",\"url\":\"https:\/\/chateau-veves.be\/wp-content\/uploads\/2019\/09\/logo_chateau_veves.png\",\"contentUrl\":\"https:\/\/chateau-veves.be\/wp-content\/uploads\/2019\/09\/logo_chateau_veves.png\",\"width\":500,\"height\":401,\"caption\":\"Ch\u00e2teau de V\u00eaves\"},\"image\":{\"@id\":\"http:\/\/chateau-veves.be\/nl\/#\/schema\/logo\/image\/\"},\"sameAs\":[\"https:\/\/www.facebook.com\/ChateauVeves\",\"https:\/\/www.instagram.com\/chateaudeveves\/\"]}]}<\/script>\n<!-- \/ Yoast SEO plugin. -->","yoast_head_json":{"title":"Ons project - Onze sponsors &#8212; Ch\u00e2teau de V\u00eaves","robots":{"index":"index","follow":"follow","max-snippet":"max-snippet:-1","max-image-preview":"max-image-preview:large","max-video-preview":"max-video-preview:-1"},"canonical":"https:\/\/chateau-veves.be\/nl\/ons-project-onze-sponsors\/","og_locale":"nl_NL","og_type":"article","og_title":"Ons project - Onze sponsors &#8212; Ch\u00e2teau de V\u00eaves","og_description":"[vc_row css=&#8221;.vc_custom_1659553366242{margin-top: 50px !important;}&#8221;][vc_column][\/vc_column][\/vc_row][vc_row][vc_column][\/vc_column][\/vc_row][vc_row content_placement=&#8221;middle&#8221; content_text_aligment=&#8221;left&#8221; simple_background_color=&#8221;#f8f8f8&#8243;][vc_column][\/vc_column][\/vc_row]","og_url":"https:\/\/chateau-veves.be\/nl\/ons-project-onze-sponsors\/","og_site_name":"Ch\u00e2teau de V\u00eaves","article_publisher":"https:\/\/www.facebook.com\/ChateauVeves","article_modified_time":"2025-04-22T15:36:17+00:00","twitter_card":"summary_large_image","twitter_misc":{"Geschatte leestijd":"4 minuten"},"schema":{"@context":"https:\/\/schema.org","@graph":[{"@type":"WebPage","@id":"https:\/\/chateau-veves.be\/nl\/ons-project-onze-sponsors\/","url":"https:\/\/chateau-veves.be\/nl\/ons-project-onze-sponsors\/","name":"Ons project - Onze sponsors &#8212; Ch\u00e2teau de V\u00eaves","isPartOf":{"@id":"http:\/\/chateau-veves.be\/nl\/#website"},"datePublished":"2022-08-03T18:08:49+00:00","dateModified":"2025-04-22T15:36:17+00:00","breadcrumb":{"@id":"https:\/\/chateau-veves.be\/nl\/ons-project-onze-sponsors\/#breadcrumb"},"inLanguage":"nl-NL","potentialAction":[{"@type":"ReadAction","target":["https:\/\/chateau-veves.be\/nl\/ons-project-onze-sponsors\/"]}]},{"@type":"BreadcrumbList","@id":"https:\/\/chateau-veves.be\/nl\/ons-project-onze-sponsors\/#breadcrumb","itemListElement":[{"@type":"ListItem","position":1,"name":"Home","item":"https:\/\/chateau-veves.be\/nl\/"},{"@type":"ListItem","position":2,"name":"Ons project &#8211; Onze sponsors"}]},{"@type":"WebSite","@id":"http:\/\/chateau-veves.be\/nl\/#website","url":"http:\/\/chateau-veves.be\/nl\/","name":"Ch\u00e2teau de V\u00eaves","description":"","publisher":{"@id":"http:\/\/chateau-veves.be\/nl\/#organization"},"potentialAction":[{"@type":"SearchAction","target":{"@type":"EntryPoint","urlTemplate":"http:\/\/chateau-veves.be\/nl\/?s={search_term_string}"},"query-input":{"@type":"PropertyValueSpecification","valueRequired":true,"valueName":"search_term_string"}}],"inLanguage":"nl-NL"},{"@type":"Organization","@id":"http:\/\/chateau-veves.be\/nl\/#organization","name":"Ch\u00e2teau de V\u00eaves","url":"http:\/\/chateau-veves.be\/nl\/","logo":{"@type":"ImageObject","inLanguage":"nl-NL","@id":"http:\/\/chateau-veves.be\/nl\/#\/schema\/logo\/image\/","url":"https:\/\/chateau-veves.be\/wp-content\/uploads\/2019\/09\/logo_chateau_veves.png","contentUrl":"https:\/\/chateau-veves.be\/wp-content\/uploads\/2019\/09\/logo_chateau_veves.png","width":500,"height":401,"caption":"Ch\u00e2teau de V\u00eaves"},"image":{"@id":"http:\/\/chateau-veves.be\/nl\/#\/schema\/logo\/image\/"},"sameAs":["https:\/\/www.facebook.com\/ChateauVeves","https:\/\/www.instagram.com\/chateaudeveves\/"]}]}},"_links":{"self":[{"href":"https:\/\/chateau-veves.be\/nl\/wp-json\/wp\/v2\/pages\/4263","targetHints":{"allow":["GET"]}}],"collection":[{"href":"https:\/\/chateau-veves.be\/nl\/wp-json\/wp\/v2\/pages"}],"about":[{"href":"https:\/\/chateau-veves.be\/nl\/wp-json\/wp\/v2\/types\/page"}],"author":[{"embeddable":true,"href":"https:\/\/chateau-veves.be\/nl\/wp-json\/wp\/v2\/users\/1"}],"replies":[{"embeddable":true,"href":"https:\/\/chateau-veves.be\/nl\/wp-json\/wp\/v2\/comments?post=4263"}],"version-history":[{"count":6,"href":"https:\/\/chateau-veves.be\/nl\/wp-json\/wp\/v2\/pages\/4263\/revisions"}],"predecessor-version":[{"id":4694,"href":"https:\/\/chateau-veves.be\/nl\/wp-json\/wp\/v2\/pages\/4263\/revisions\/4694"}],"wp:attachment":[{"href":"https:\/\/chateau-veves.be\/nl\/wp-json\/wp\/v2\/media?parent=4263"}],"curies":[{"name":"wp","href":"https:\/\/api.w.org\/{rel}","templated":true}]}}