{"id":3164,"date":"2019-09-26T12:47:30","date_gmt":"2019-09-26T12:47:30","guid":{"rendered":"https:\/\/chateau-veves.be\/histoire-du-chateau\/"},"modified":"2025-04-24T19:01:47","modified_gmt":"2025-04-24T17:01:47","slug":"history-of-the-castle","status":"publish","type":"page","link":"https:\/\/chateau-veves.be\/en\/history-of-the-castle\/","title":{"rendered":"History of the Castle"},"content":{"rendered":"<div class=\"wpb-content-wrapper\"><p>[vc_row row_content_width=&#8221;grid&#8221; css=&#8221;.vc_custom_1596067454006{padding-top: 47px !important;padding-bottom: 8px !important;}&#8221;][vc_column offset=&#8221;vc_col-lg-offset-1 vc_col-lg-10 vc_col-md-offset-0 vc_col-md-12 vc_col-sm-offset-0 vc_col-xs-12&#8243;]<div class=\"eltdf-section-title-holder   eltdf-st-decorative-line\" style=\"text-align: center\">\n\t<div class=\"eltdf-st-inner\">\n                    <span class=\"eltdf-st-caption\" style=\"color: #c9ab81;margin: 0 0 6px 0\">\n                <span class=\"eltdf-st-caption-inner\" >Ch\u00e2teau sacr\u00e9 Patrimoine pr\u00e9f\u00e9r\u00e9 des Wallons<\/span>\n            <\/span>\n        \t\t\t\t\t<h2 class=\"eltdf-st-title\" >\n    <span class=\"eltdf-st-title-inner\"><span class=\"eltdf-st-side-line-left\" ><\/span>History<span class=\"eltdf-st-side-line-right\" ><\/span><\/span>\n\t\t\t<\/h2>\n\t\t\t\t\t\t\t<p class=\"eltdf-st-text\" style=\"font-size: 19px;line-height: 28px;margin: 13px 0 0 0\">\n\t\t\t\tThe Ch\u00e2teau de V\u00eaves holds many secrets and stories waiting to be discovered...\t\t\t<\/p>\n\t\t\t\t\t<\/div>\n<\/div>[\/vc_column][\/vc_row][vc_row content_placement=&#8221;middle&#8221; row_content_width=&#8221;grid&#8221; el_class=&#8221;eltdf-workflow-custom-alignment&#8221;][vc_column]<div class=\"eltdf-elements-holder   eltdf-one-column  eltdf-responsive-mode-768 eltdf-one-column-alignment-center\" ><div class=\"eltdf-eh-item    \"  data-item-class=\"eltdf-eh-custom-6949\" data-1400-1600=\"0 0 160px 0\" data-1025-1399=\"0 0 160px 0\" data-769-1024=\"0 0 60px 0\" data-681-768=\"0 0 60px 0\" data-680=\"0 0 60px 0\">\n\t<div class=\"eltdf-eh-item-inner\">\n\t\t<div class=\"eltdf-eh-item-content eltdf-eh-custom-6949\" style=\"padding: 0 0 160px 0\">\n\t\t\t<div class=\"eltdf-workflow eltdf-workflow-animate\">\n    <span class=\"alt-line\"><\/span>\n    <span class=\"main-line\" style=\"background-color:#4e4e4e;\"><\/span>\n    <div class=\"eltdf-workflow-item\">\n    <span class=\"line\" style=\"\"><\/span>\n    <div class=\"eltdf-workflow-item-inner\">\n        <div class=\"eltdf-workflow-image\">\n            <img loading=\"lazy\" decoding=\"async\" width=\"1000\" height=\"1214\" src=\"https:\/\/chateau-veves.be\/wp-content\/uploads\/2020\/07\/histoire_4-1.jpg\" class=\"attachment-full size-full\" alt=\"\" srcset=\"https:\/\/chateau-veves.be\/wp-content\/uploads\/2020\/07\/histoire_4-1.jpg 1000w, https:\/\/chateau-veves.be\/wp-content\/uploads\/2020\/07\/histoire_4-1-247x300.jpg 247w, https:\/\/chateau-veves.be\/wp-content\/uploads\/2020\/07\/histoire_4-1-843x1024.jpg 843w, https:\/\/chateau-veves.be\/wp-content\/uploads\/2020\/07\/histoire_4-1-768x932.jpg 768w\" sizes=\"auto, (max-width: 1000px) 100vw, 1000px\" \/>        <\/div>\n        <div class=\"eltdf-workflow-text\">\n            <span class=\"circle\" style=\"border-color:#4e4e4e;background-color:#4e4e4e;\"><\/span>\n            <span class=\"circle-line\" style=\"background-color:#4e4e4e;\"><\/span>\n                            <div class=\"year\">XV\u00e8me si\u00e8cle<\/div>\n                        <div class=\"eltdf-workflow-title-text-holder\">\n                                    <div class=\"year-responsive\">XV\u00e8me si\u00e8cle<\/div>\n                                                    <span class=\"eltdf-workflow-caption\">Ch\u00e2teau sacr\u00e9 Patrimoine pr\u00e9f\u00e9r\u00e9 des Wallons<\/span>\n                                                    <h2>CASTLE HISTORY<\/h2>\n                                                    <span class=\"text\">The Ch\u00e2teau de Celles, also known as Ch\u00e2teau de V\u00eaves, classified as an exceptional heritage site, is one of the most remarkable examples of 15th-century military architecture. According to tradition and chronicles, the foundations of the original castle date back to the time of Pepin of Herstal (670\u2013714), who was drawn to the area by the presence of Saint Hadelin and the favorable position of the hill, which overlooks and commands the old road from Dinant to Rochefort. Destroyed in 1200 and rebuilt in 1230, the buildings were burned down at the beginning of the 15th century and were later restored after the fire. The castle remained a fortress until the end of the Middle Ages. During the Renaissance, the buildings underwent a complete transformation; later, under Louis XV, further modifications were made, mainly concerning the interior layout, including wood paneling, alcoves, and wall windows. The layout forms an irregular triangle flanked by four large towers and two smaller ones.<\/span>\n                            <\/div>\n        <\/div>\n    <\/div>\n<\/div><div class=\"eltdf-workflow-item\">\n    <span class=\"line\" style=\"\"><\/span>\n    <div class=\"eltdf-workflow-item-inner\">\n        <div class=\"eltdf-workflow-image\">\n            <img loading=\"lazy\" decoding=\"async\" width=\"1000\" height=\"1500\" src=\"https:\/\/chateau-veves.be\/wp-content\/uploads\/2020\/07\/histoire_3.jpg\" class=\"attachment-full size-full\" alt=\"\" srcset=\"https:\/\/chateau-veves.be\/wp-content\/uploads\/2020\/07\/histoire_3.jpg 1000w, https:\/\/chateau-veves.be\/wp-content\/uploads\/2020\/07\/histoire_3-200x300.jpg 200w, https:\/\/chateau-veves.be\/wp-content\/uploads\/2020\/07\/histoire_3-683x1024.jpg 683w, https:\/\/chateau-veves.be\/wp-content\/uploads\/2020\/07\/histoire_3-768x1152.jpg 768w\" sizes=\"auto, (max-width: 1000px) 100vw, 1000px\" \/>        <\/div>\n        <div class=\"eltdf-workflow-text\">\n            <span class=\"circle\" style=\"border-color:#4e4e4e;background-color:#4e4e4e;\"><\/span>\n            <span class=\"circle-line\" style=\"background-color:#4e4e4e;\"><\/span>\n                            <div class=\"year\">1969 - 1979<\/div>\n                        <div class=\"eltdf-workflow-title-text-holder\">\n                                    <div class=\"year-responsive\">1969 - 1979<\/div>\n                                                    <span class=\"eltdf-workflow-caption\">Certains d\u00e9tails amuseront les visiteurs<\/span>\n                                                    <h2>renovation of the castle<\/h2>\n                                                    <span class=\"text\">During its revival between 1969 and 1979, the care given to the castle\u2019s decoration allows visitors to imagine and travel through the various periods from the Middle Ages to the present day. The rooms of the castle were brought back to life in part thanks to 18th-century furniture donated by Countess Ath\u00e9na\u00efs de Mortemart to Count Hadelin. He entrusted the interior decoration of the Ch\u00e2teau de V\u00eaves to his wife, so as to continue the work begun by previous generations.<\/span>\n                            <\/div>\n        <\/div>\n    <\/div>\n<\/div>[eltdf_workflow_item title=&#8221;the region&#8221; caption=&#8221;Celles&#8221; text=&#8221;Nestled in a small valley surrounded by four hills, the village of Celles has very ancient origins (its peak dating back to the year 669, with the arrival of the monk Hadelin). On the hill overlooking the collegiate church\u2014a true masterpiece of Romanesque art\u2014stands the Hermitage of Saint Hadelin. The little squares around the church, the traditional limestone houses adorned with flowers and trees, give the village great charm and a warm, welcoming atmosphere.<br&#093;Take the time to discover the original decorative elements: old doors, finials, anchor plates and metal clamps, locks, wall niches, door knockers, and basement grilles... Other curiosities are also worth a visit: the Grande Fontaine, the German \"Panther\" tank... Just two kilometers away lies our magnificent feudal castle.<br \/>Has this walk whetted your appetite? Be sure to try the local chausson cellois paired with a glass of Cuv\u00e9e Saint-Hadelin!&#8221; image=&#8221;2967&#8243; circle_border_color=&#8221;#4e4e4e&#8221; circle_background_color=&#8221;#4e4e4e&#8221; year=&#8221;669 &#8211; Aujourd&#8217;hui&#8221;>    <div class=\"eltdf-workflow-item eltdf-wi-hidden\">\n        <div class=\"eltdf-workflow-item-inner\">\n            <div class=\"eltdf-workflow-text\">\n                <span class=\"circle\"><\/span>\n            <\/div>\n        <\/div>\n    <\/div>\n<\/div>\t\t<\/div>\n\t<\/div>\n<\/div><\/div>[\/vc_column][\/vc_row][vc_row row_content_width=&#8221;grid&#8221; disable_background_image=&#8221;&#8221; css=&#8221;.vc_custom_1594856997693{padding-top: 180px !important;padding-bottom: 180px !important;}&#8221; simple_background_image=&#8221;2587&#8243;][vc_column]<div class=\"eltdf-elements-holder   eltdf-two-columns  eltdf-responsive-mode-1024 eltdf-one-column-alignment-left\" style=\"background-color: #ffffff\"><div class=\"eltdf-eh-item    \"  data-item-class=\"eltdf-eh-custom-3105\" data-1400-1600=\"132px 60px 136px 150px\" data-1025-1399=\"132px 60px 136px 100px\" data-769-1024=\"132px 100px 62px 100px\" data-681-768=\"132px 100px 62px 100px\" data-680=\"87px 25px 62px 25px\">\n\t<div class=\"eltdf-eh-item-inner\">\n\t\t<div class=\"eltdf-eh-item-content eltdf-eh-custom-3105\" style=\"padding: 132px 60px 136px 150px\">\n\t\t\t<div class=\"eltdf-section-title-holder   \" style=\"text-align: left\">\n\t<div class=\"eltdf-st-inner\">\n                    <span class=\"eltdf-st-caption\" style=\"color: #c9ab81;margin: 0 0 6px 0\">\n                <span class=\"eltdf-st-caption-inner\" >Achetez vos billets<\/span>\n            <\/span>\n        \t\t\t\t\t<h2 class=\"eltdf-st-title\" >\n    <span class=\"eltdf-st-title-inner\"><span class=\"eltdf-st-side-line-left\" ><\/span>R\u00e9servez votre visite<span class=\"eltdf-st-side-line-right\" ><\/span><\/span>\n\t\t\t<\/h2>\n\t\t\t\t\t\t\t<p class=\"eltdf-st-text\" style=\"font-size: 19px;line-height: 28px;margin: 11px 0 6px 0\">\n\t\t\t\tPr\u00e9parez d\u00e8s maintenant votre visite en r\u00e9servant vos billets via notre billetterie en ligne.\t\t\t<\/p>\n\t\t\t\t\t<\/div>\n<\/div>[vc_empty_space height=&#8221;5px&#8221;][vc_column_text]Plan your visit using the Ch\u00e2teau&#8217;s visit timetable.<br \/>\nSelect the date of your choice in the calendar and click on &#8220;search&#8221; to buy your admission tickets.[\/vc_column_text]\t\t<\/div>\n\t<\/div>\n<\/div><div class=\"eltdf-eh-item    \"  data-item-class=\"eltdf-eh-custom-5601\" data-1400-1600=\"9px 150px 0 49px\" data-1025-1399=\"9px 100px 0 49px\" data-769-1024=\"0 180px 145px 100px\" data-681-768=\"0 100px 145px 100px\" data-680=\"0 25px 100px 25px\">\n\t<div class=\"eltdf-eh-item-inner\">\n\t\t<div class=\"eltdf-eh-item-content eltdf-eh-custom-5601\" style=\"padding: 9px 150px 0 49px\">\n\t\t\t[vc_raw_html]CjxkaXYgaWQ9IkNvbnN0ZWxsYXRpb25XaWRnZXRDb250YWluZXJmNmU0YTdjNy05YzQyLTQ0NDktOGQxMi0xZmQ2YWZmZDA2NGYiIHN0eWxlPSJ3aWR0aDoxMDAlIiB0aXRsZT0iQ2jDonRlYXUgZGUgVsOqdmVzIiBkYXRhLWlkLXByb2pldD0iZjZlNGE3Yzc5YzQyNDQ0OThkMTIxZmQ2YWZmZDA2NGYiPkxvYWRpbmcgaW4gcHJvZ3Jlc3MuLi48L2Rpdj4gPHNjcmlwdCB0eXBlPSJ0ZXh0L2phdmFzY3JpcHQiIHNyYz0iaHR0cHM6Ly9yZXNlcnZhdGlvbi5lbGxvaGEuY29tL1NjcmlwdHMvd2lkZ2V0LWxvYWRlci5taW4uanM\/dj00MCI+PC9zY3JpcHQ+IDxzY3JpcHQgdHlwZT0idGV4dC9qYXZhc2NyaXB0Ij52YXIgY29uc3RlbGxhdGlvbldpZGdldFVybGY2ZTRhN2M3OWM0MjQ0NDk4ZDEyMWZkNmFmZmQwNjRmLCBjb25zdGVsbGF0aW9uVHlwZU1vZHVsZWY2ZTRhN2M3OWM0MjQ0NDk4ZDEyMWZkNmFmZmQwNjRmOyBjb25zdGVsbGF0aW9uV2lkZ2V0VXJsZjZlNGE3Yzc5YzQyNDQ0OThkMTIxZmQ2YWZmZDA2NGYgPSAnaHR0cHM6Ly9yZXNlcnZhdGlvbi5lbGxvaGEuY29tL1dpZGdldC9Cb29raW5nRW5naW5lL2Y2ZTRhN2M3LTljNDItNDQ0OS04ZDEyLTFmZDZhZmZkMDY0Zj9pZG9pPWFmZWZkMDgxLWJjM2EtNDNmOC05ZWJjLTU3MTM2NTg5OTQ3MiZjdWx0dXJlPWZyLUZSJzsgY29uc3RlbGxhdGlvblR5cGVNb2R1bGVmNmU0YTdjNzljNDI0NDQ5OGQxMjFmZDZhZmZkMDY0Zj0xOyBjb25zdGVsbGF0aW9uV2lkZ2V0TG9hZCgnQ29uc3RlbGxhdGlvbldpZGdldENvbnRhaW5lcmY2ZTRhN2M3LTljNDItNDQ0OS04ZDEyLTFmZDZhZmZkMDY0ZicpOyBjb25zdGVsbGF0aW9uV2lkZ2V0QWRkRXZlbnQod2luZG93LCAicmVzaXplIiwgZnVuY3Rpb24gKCkgeyBjb25zdGVsbGF0aW9uV2lkZ2V0U2V0QXBwZWFyYW5jZSgnQ29uc3RlbGxhdGlvbldpZGdldENvbnRhaW5lcmY2ZTRhN2M3LTljNDItNDQ0OS04ZDEyLTFmZDZhZmZkMDY0ZicpOyB9KTs8L3NjcmlwdD4K[\/vc_raw_html]\t\t<\/div>\n\t<\/div>\n<\/div><\/div>[\/vc_column][\/vc_row]<\/p>\n<\/div>","protected":false},"excerpt":{"rendered":"<p>[vc_row row_content_width=&#8221;grid&#8221; css=&#8221;.vc_custom_1596067454006{padding-top: 47px !important;padding-bottom: 8px !important;}&#8221;][vc_column offset=&#8221;vc_col-lg-offset-1 vc_col-lg-10 vc_col-md-offset-0 vc_col-md-12 vc_col-sm-offset-0 vc_col-xs-12&#8243;][\/vc_column][\/vc_row][vc_row content_placement=&#8221;middle&#8221; row_content_width=&#8221;grid&#8221; el_class=&#8221;eltdf-workflow-custom-alignment&#8221;][vc_column][\/vc_column][\/vc_row][vc_row row_content_width=&#8221;grid&#8221; disable_background_image=&#8221;&#8221; css=&#8221;.vc_custom_1594856997693{padding-top: 180px !important;padding-bottom: 180px !important;}&#8221; simple_background_image=&#8221;2587&#8243;][vc_column][\/vc_column][\/vc_row]<\/p>\n","protected":false},"author":1,"featured_media":0,"parent":0,"menu_order":0,"comment_status":"closed","ping_status":"closed","template":"full-width.php","meta":{"footnotes":""},"class_list":["post-3164","page","type-page","status-publish","hentry"],"yoast_head":"<!-- This site is optimized with the Yoast SEO plugin v26.7 - https:\/\/yoast.com\/wordpress\/plugins\/seo\/ -->\n<title>History of the Castle &#8212; Ch\u00e2teau de V\u00eaves<\/title>\n<meta name=\"robots\" content=\"index, follow, max-snippet:-1, max-image-preview:large, max-video-preview:-1\" \/>\n<link rel=\"canonical\" href=\"https:\/\/chateau-veves.be\/en\/history-of-the-castle\/\" \/>\n<meta property=\"og:locale\" content=\"en_US\" \/>\n<meta property=\"og:type\" content=\"article\" \/>\n<meta property=\"og:title\" content=\"History of the Castle &#8212; Ch\u00e2teau de V\u00eaves\" \/>\n<meta property=\"og:description\" content=\"[vc_row row_content_width=&#8221;grid&#8221; css=&#8221;.vc_custom_1596067454006{padding-top: 47px !important;padding-bottom: 8px !important;}&#8221;][vc_column offset=&#8221;vc_col-lg-offset-1 vc_col-lg-10 vc_col-md-offset-0 vc_col-md-12 vc_col-sm-offset-0 vc_col-xs-12&#8243;][\/vc_column][\/vc_row][vc_row content_placement=&#8221;middle&#8221; row_content_width=&#8221;grid&#8221; el_class=&#8221;eltdf-workflow-custom-alignment&#8221;][vc_column][\/vc_column][\/vc_row][vc_row row_content_width=&#8221;grid&#8221; disable_background_image=&#8221;&#8221; css=&#8221;.vc_custom_1594856997693{padding-top: 180px !important;padding-bottom: 180px !important;}&#8221; simple_background_image=&#8221;2587&#8243;][vc_column][\/vc_column][\/vc_row]\" \/>\n<meta property=\"og:url\" content=\"https:\/\/chateau-veves.be\/en\/history-of-the-castle\/\" \/>\n<meta property=\"og:site_name\" content=\"Ch\u00e2teau de V\u00eaves\" \/>\n<meta property=\"article:publisher\" content=\"https:\/\/www.facebook.com\/ChateauVeves\" \/>\n<meta property=\"article:modified_time\" content=\"2025-04-24T17:01:47+00:00\" \/>\n<meta name=\"twitter:card\" content=\"summary_large_image\" \/>\n<meta name=\"twitter:label1\" content=\"Est. reading time\" \/>\n\t<meta name=\"twitter:data1\" content=\"5 minutes\" \/>\n<script type=\"application\/ld+json\" class=\"yoast-schema-graph\">{\"@context\":\"https:\/\/schema.org\",\"@graph\":[{\"@type\":\"WebPage\",\"@id\":\"https:\/\/chateau-veves.be\/en\/history-of-the-castle\/\",\"url\":\"https:\/\/chateau-veves.be\/en\/history-of-the-castle\/\",\"name\":\"History of the Castle &#8212; Ch\u00e2teau de V\u00eaves\",\"isPartOf\":{\"@id\":\"http:\/\/chateau-veves.be\/en\/#website\"},\"datePublished\":\"2019-09-26T12:47:30+00:00\",\"dateModified\":\"2025-04-24T17:01:47+00:00\",\"breadcrumb\":{\"@id\":\"https:\/\/chateau-veves.be\/en\/history-of-the-castle\/#breadcrumb\"},\"inLanguage\":\"en-US\",\"potentialAction\":[{\"@type\":\"ReadAction\",\"target\":[\"https:\/\/chateau-veves.be\/en\/history-of-the-castle\/\"]}]},{\"@type\":\"BreadcrumbList\",\"@id\":\"https:\/\/chateau-veves.be\/en\/history-of-the-castle\/#breadcrumb\",\"itemListElement\":[{\"@type\":\"ListItem\",\"position\":1,\"name\":\"Home\",\"item\":\"https:\/\/chateau-veves.be\/en\/\"},{\"@type\":\"ListItem\",\"position\":2,\"name\":\"History of the Castle\"}]},{\"@type\":\"WebSite\",\"@id\":\"http:\/\/chateau-veves.be\/en\/#website\",\"url\":\"http:\/\/chateau-veves.be\/en\/\",\"name\":\"Ch\u00e2teau de V\u00eaves\",\"description\":\"\",\"publisher\":{\"@id\":\"http:\/\/chateau-veves.be\/en\/#organization\"},\"potentialAction\":[{\"@type\":\"SearchAction\",\"target\":{\"@type\":\"EntryPoint\",\"urlTemplate\":\"http:\/\/chateau-veves.be\/en\/?s={search_term_string}\"},\"query-input\":{\"@type\":\"PropertyValueSpecification\",\"valueRequired\":true,\"valueName\":\"search_term_string\"}}],\"inLanguage\":\"en-US\"},{\"@type\":\"Organization\",\"@id\":\"http:\/\/chateau-veves.be\/en\/#organization\",\"name\":\"Ch\u00e2teau de V\u00eaves\",\"url\":\"http:\/\/chateau-veves.be\/en\/\",\"logo\":{\"@type\":\"ImageObject\",\"inLanguage\":\"en-US\",\"@id\":\"http:\/\/chateau-veves.be\/en\/#\/schema\/logo\/image\/\",\"url\":\"https:\/\/chateau-veves.be\/wp-content\/uploads\/2019\/09\/logo_chateau_veves.png\",\"contentUrl\":\"https:\/\/chateau-veves.be\/wp-content\/uploads\/2019\/09\/logo_chateau_veves.png\",\"width\":500,\"height\":401,\"caption\":\"Ch\u00e2teau de V\u00eaves\"},\"image\":{\"@id\":\"http:\/\/chateau-veves.be\/en\/#\/schema\/logo\/image\/\"},\"sameAs\":[\"https:\/\/www.facebook.com\/ChateauVeves\",\"https:\/\/www.instagram.com\/chateaudeveves\/\"]}]}<\/script>\n<!-- \/ Yoast SEO plugin. -->","yoast_head_json":{"title":"History of the Castle &#8212; Ch\u00e2teau de V\u00eaves","robots":{"index":"index","follow":"follow","max-snippet":"max-snippet:-1","max-image-preview":"max-image-preview:large","max-video-preview":"max-video-preview:-1"},"canonical":"https:\/\/chateau-veves.be\/en\/history-of-the-castle\/","og_locale":"en_US","og_type":"article","og_title":"History of the Castle &#8212; Ch\u00e2teau de V\u00eaves","og_description":"[vc_row row_content_width=&#8221;grid&#8221; css=&#8221;.vc_custom_1596067454006{padding-top: 47px !important;padding-bottom: 8px !important;}&#8221;][vc_column offset=&#8221;vc_col-lg-offset-1 vc_col-lg-10 vc_col-md-offset-0 vc_col-md-12 vc_col-sm-offset-0 vc_col-xs-12&#8243;][\/vc_column][\/vc_row][vc_row content_placement=&#8221;middle&#8221; row_content_width=&#8221;grid&#8221; el_class=&#8221;eltdf-workflow-custom-alignment&#8221;][vc_column][\/vc_column][\/vc_row][vc_row row_content_width=&#8221;grid&#8221; disable_background_image=&#8221;&#8221; css=&#8221;.vc_custom_1594856997693{padding-top: 180px !important;padding-bottom: 180px !important;}&#8221; simple_background_image=&#8221;2587&#8243;][vc_column][\/vc_column][\/vc_row]","og_url":"https:\/\/chateau-veves.be\/en\/history-of-the-castle\/","og_site_name":"Ch\u00e2teau de V\u00eaves","article_publisher":"https:\/\/www.facebook.com\/ChateauVeves","article_modified_time":"2025-04-24T17:01:47+00:00","twitter_card":"summary_large_image","twitter_misc":{"Est. reading time":"5 minutes"},"schema":{"@context":"https:\/\/schema.org","@graph":[{"@type":"WebPage","@id":"https:\/\/chateau-veves.be\/en\/history-of-the-castle\/","url":"https:\/\/chateau-veves.be\/en\/history-of-the-castle\/","name":"History of the Castle &#8212; Ch\u00e2teau de V\u00eaves","isPartOf":{"@id":"http:\/\/chateau-veves.be\/en\/#website"},"datePublished":"2019-09-26T12:47:30+00:00","dateModified":"2025-04-24T17:01:47+00:00","breadcrumb":{"@id":"https:\/\/chateau-veves.be\/en\/history-of-the-castle\/#breadcrumb"},"inLanguage":"en-US","potentialAction":[{"@type":"ReadAction","target":["https:\/\/chateau-veves.be\/en\/history-of-the-castle\/"]}]},{"@type":"BreadcrumbList","@id":"https:\/\/chateau-veves.be\/en\/history-of-the-castle\/#breadcrumb","itemListElement":[{"@type":"ListItem","position":1,"name":"Home","item":"https:\/\/chateau-veves.be\/en\/"},{"@type":"ListItem","position":2,"name":"History of the Castle"}]},{"@type":"WebSite","@id":"http:\/\/chateau-veves.be\/en\/#website","url":"http:\/\/chateau-veves.be\/en\/","name":"Ch\u00e2teau de V\u00eaves","description":"","publisher":{"@id":"http:\/\/chateau-veves.be\/en\/#organization"},"potentialAction":[{"@type":"SearchAction","target":{"@type":"EntryPoint","urlTemplate":"http:\/\/chateau-veves.be\/en\/?s={search_term_string}"},"query-input":{"@type":"PropertyValueSpecification","valueRequired":true,"valueName":"search_term_string"}}],"inLanguage":"en-US"},{"@type":"Organization","@id":"http:\/\/chateau-veves.be\/en\/#organization","name":"Ch\u00e2teau de V\u00eaves","url":"http:\/\/chateau-veves.be\/en\/","logo":{"@type":"ImageObject","inLanguage":"en-US","@id":"http:\/\/chateau-veves.be\/en\/#\/schema\/logo\/image\/","url":"https:\/\/chateau-veves.be\/wp-content\/uploads\/2019\/09\/logo_chateau_veves.png","contentUrl":"https:\/\/chateau-veves.be\/wp-content\/uploads\/2019\/09\/logo_chateau_veves.png","width":500,"height":401,"caption":"Ch\u00e2teau de V\u00eaves"},"image":{"@id":"http:\/\/chateau-veves.be\/en\/#\/schema\/logo\/image\/"},"sameAs":["https:\/\/www.facebook.com\/ChateauVeves","https:\/\/www.instagram.com\/chateaudeveves\/"]}]}},"_links":{"self":[{"href":"https:\/\/chateau-veves.be\/en\/wp-json\/wp\/v2\/pages\/3164","targetHints":{"allow":["GET"]}}],"collection":[{"href":"https:\/\/chateau-veves.be\/en\/wp-json\/wp\/v2\/pages"}],"about":[{"href":"https:\/\/chateau-veves.be\/en\/wp-json\/wp\/v2\/types\/page"}],"author":[{"embeddable":true,"href":"https:\/\/chateau-veves.be\/en\/wp-json\/wp\/v2\/users\/1"}],"replies":[{"embeddable":true,"href":"https:\/\/chateau-veves.be\/en\/wp-json\/wp\/v2\/comments?post=3164"}],"version-history":[{"count":10,"href":"https:\/\/chateau-veves.be\/en\/wp-json\/wp\/v2\/pages\/3164\/revisions"}],"predecessor-version":[{"id":4704,"href":"https:\/\/chateau-veves.be\/en\/wp-json\/wp\/v2\/pages\/3164\/revisions\/4704"}],"wp:attachment":[{"href":"https:\/\/chateau-veves.be\/en\/wp-json\/wp\/v2\/media?parent=3164"}],"curies":[{"name":"wp","href":"https:\/\/api.w.org\/{rel}","templated":true}]}}