{"id":4247,"date":"2022-08-03T20:08:49","date_gmt":"2022-08-03T18:08:49","guid":{"rendered":"https:\/\/chateau-veves.be\/rental-of-the-castle\/"},"modified":"2025-04-24T19:46:45","modified_gmt":"2025-04-24T17:46:45","slug":"our-project-our-sponsors","status":"publish","type":"page","link":"http:\/\/chateau-veves.be\/en\/our-project-our-sponsors\/","title":{"rendered":"Our project, our sponsors"},"content":{"rendered":"<div class=\"wpb-content-wrapper\"><p>[vc_row css=&#8221;.vc_custom_1659553366242{margin-top: 50px !important;}&#8221;][vc_column]<div class=\"eltdf-elements-holder  eltdf-eh-full-height eltdf-two-columns  eltdf-responsive-mode-1024 eltdf-one-column-alignment-left\" style=\"background-color: #f8f8f8\"><div class=\"eltdf-eh-item    \"  data-item-class=\"eltdf-eh-custom-1699\" data-1400-1600=\"174px 18% 186px 16%\" data-1025-1399=\"174px 12.8% 186px 12.8%\" data-769-1024=\"147px 18.9% 160px 11.9%\" data-681-768=\"147px 10% 160px 10%\" data-680=\"147px 30px 160px 30px\">\n\t<div class=\"eltdf-eh-item-inner\">\n\t\t<div class=\"eltdf-eh-item-content eltdf-eh-custom-1699\" style=\"padding: 100px 20.7% 110px 26.1%\">\n\t\t\t<div class=\"eltdf-section-title-holder   \" style=\"text-align: left\">\n\t<div class=\"eltdf-st-inner\">\n                    <span class=\"eltdf-st-caption\" style=\"color: #c9ab81;margin: 0 0 6px 0\">\n                <span class=\"eltdf-st-caption-inner\" >Notre Ch\u00e2teau<\/span>\n            <\/span>\n        \t\t\t\t\t<h2 class=\"eltdf-st-title\" >\n    <span class=\"eltdf-st-title-inner\"><span class=\"eltdf-st-side-line-left\" ><\/span>Pr\u00e9servation du patrimoine<span class=\"eltdf-st-side-line-right\" ><\/span><\/span>\n\t\t\t<\/h2>\n\t\t\t\t\t\t\t<\/div>\n<\/div>[vc_empty_space height=&#8221;3px&#8221;][vc_column_text css=&#8221;&#8221;]<\/p>\n<div>\n<p class=\"x_MsoNormal\">The non-profit organization &#8220;<span lang=\"FR-BE\">Ligue<\/span> des <span lang=\"FR-BE\">A<\/span>mis du Ch<span lang=\"FR-BE\">\u00e2<\/span>teau de V<span lang=\"FR-BE\">\u00ea<\/span>ves&#8221; is pr<span lang=\"FR-BE\">oud<\/span> to animate and oversee the preservation of local heritage, <span lang=\"FR-BE\">with particular focus on the heritage of its castle<\/span>, the Ch\u00e2teau de V\u00eaves.<\/p>\n<\/div>\n<div>\n<p class=\"x_MsoNormal\">Initiated by the Liedekerke Beaufort family, who have been preserving this heritage for over 600 years, the non-profit organization has two main missions:<\/p>\n<\/div>\n<div>\n<ul type=\"disc\">\n<li class=\"x_MsoListParagraph\">To welcome families and children, introducing them to local heritage.<span lang=\"FR-BE\">  <\/span>We are trul<span lang=\"FR-BE\">y<\/span> <span lang=\"FR-BE\">committed<\/span> to <span lang=\"FR-BE\">sharing<\/span> the HISTORY of the c<span lang=\"FR-BE\">a<\/span>stle and its life in a family-friendly and fun atmosphere. Our priority is for families<span lang=\"FR-BE\"> to enjoy a timeless moment while having fun and learning!<\/span> <\/li>\n<\/ul>\n<\/div>\n<div>\n<ul type=\"disc\">\n<li class=\"x_MsoListParagraph\">To maintain the entire b<span lang=\"FR-BE\">u<\/span>ilding (<span lang=\"FR-BE\">structures<\/span>, <span lang=\"FR-BE\">roof<\/span>, painting, stonework, etc.) and the collections provided by the family<span lang=\"FR-BE\">.<\/span><\/li>\n<\/ul>\n<\/div>\n<div>\n<p class=\"x_MsoNormal\">A big thank you to our <span lang=\"FR-BE\">teams<\/span> for the extraordinary work they do every day, and to our benefactors who each contribute in their own way to <span lang=\"FR-BE\">these <\/span>missions.<\/p>\n<\/div>\n<p>[\/vc_column_text][vc_empty_space height=&#8221;25px&#8221;]\t\t<\/div>\n\t<\/div>\n<\/div><div class=\"eltdf-eh-item    \" style=\"background-image: url(http:\/\/chateau-veves.be\/wp-content\/uploads\/2024\/07\/chaeau.jpg)\" data-item-class=\"eltdf-eh-custom-2500\" data-1400-1600=\"0 0 0 0\" data-1025-1399=\"0 0 0 0\" data-769-1024=\"364px 0\" data-681-768=\"364px 0\" data-680=\"364px 0\">\n\t<div class=\"eltdf-eh-item-inner\">\n\t\t<div class=\"eltdf-eh-item-content eltdf-eh-custom-2500\" style=\"padding: 0 0 0 0\">\n\t\t\t\t\t<\/div>\n\t<\/div>\n<\/div><\/div>[\/vc_column][\/vc_row][vc_row][vc_column]<div class=\"eltdf-elements-holder  eltdf-eh-full-height eltdf-two-columns  eltdf-responsive-mode-1024 eltdf-one-column-alignment-left\" style=\"background-color: #f8f8f8\"><div class=\"eltdf-eh-item    \" style=\"background-image: url(http:\/\/chateau-veves.be\/wp-content\/uploads\/2024\/07\/chaeau2-1.jpg)\" data-item-class=\"eltdf-eh-custom-1386\" data-1400-1600=\"0 0 0 0\" data-1025-1399=\"0 0 0 0\" data-769-1024=\"364px 0\" data-681-768=\"364px 0\" data-680=\"364px 0\">\n\t<div class=\"eltdf-eh-item-inner\">\n\t\t<div class=\"eltdf-eh-item-content eltdf-eh-custom-1386\" style=\"padding: 0 0 0 0\">\n\t\t\t\t\t<\/div>\n\t<\/div>\n<\/div><div class=\"eltdf-eh-item    \"  data-item-class=\"eltdf-eh-custom-6371\" data-1400-1600=\"174px 18% 186px 16%\" data-1025-1399=\"174px 12.8% 186px 12.8%\" data-769-1024=\"147px 18.9% 160px 11.9%\" data-681-768=\"147px 10% 160px 10%\" data-680=\"147px 30px 160px 30px\">\n\t<div class=\"eltdf-eh-item-inner\">\n\t\t<div class=\"eltdf-eh-item-content eltdf-eh-custom-6371\" style=\"padding: 100px 20.7% 110px 26.1%\">\n\t\t\t<div class=\"eltdf-section-title-holder   \" style=\"text-align: left\">\n\t<div class=\"eltdf-st-inner\">\n                    <span class=\"eltdf-st-caption\" style=\"color: #c9ab81;margin: 0 0 6px 0\">\n                <span class=\"eltdf-st-caption-inner\" >Soutenez notre projet<\/span>\n            <\/span>\n        \t\t\t\t\t<h2 class=\"eltdf-st-title\" >\n    <span class=\"eltdf-st-title-inner\"><span class=\"eltdf-st-side-line-left\" ><\/span>Comment nous aider ?<span class=\"eltdf-st-side-line-right\" ><\/span><\/span>\n\t\t\t<\/h2>\n\t\t\t\t\t\t\t<\/div>\n<\/div>[vc_empty_space height=&#8221;3px&#8221;][vc_column_text css=&#8221;&#8221;]<\/p>\n<div>\n<p class=\"x_MsoNormal\">If you are passionat<span lang=\"FR-BE\">e<\/span> about history, the region, or the transmission of knowledge&#8230;<span lang=\"FR-BE\"> ? Y <\/span>our time and <span lang=\"FR-BE\">knowledge<\/span> are <span lang=\"FR-BE\">always<\/span> welcom<span lang=\"FR-BE\">e<\/span> to help us, to support <span lang=\"FR-BE\">us in i<\/span>mproving our<span lang=\"FR-BE\"> hospitality,<\/span> historic<span lang=\"FR-BE\">al<\/span> or <span lang=\"FR-BE\">educational<\/span> content. <span lang=\"FR-BE\">There is no such <\/span>thing as a small contribution&#8230; <\/p>\n<\/div>\n<div>\n<p class=\"x_MsoNormal\">If you wish to participate in a restoration project through a financial contribution&#8230;<span lang=\"FR-BE\"> ? T <\/span>he projects are plentiful<span lang=\"FR-BE\">&#8230;<\/span><\/p>\n<\/div>\n<div>\n<p class=\"x_MsoNormal\">Your company wishes to join the c<span lang=\"FR-BE\">a<\/span>stle by offering<span lang=\"FR-BE\"> its skills<\/span>, <span lang=\"FR-BE\">products, or a bit of its time&#8230;<\/span> <span lang=\"FR-BE\">? Your ideas interest us&#8230; <\/span><\/p>\n<\/div>\n<div>\n<p class=\"x_MsoNormal\">Thank you all for your support in pr<span lang=\"FR-BE\">e<\/span>serving this beautiful c<span lang=\"FR-BE\">a<\/span>stle<span lang=\"FR-BE\">.<\/span><\/p>\n<\/div>\n<div>\n<p class=\"x_MsoNormal\">C\u00e9cile de Liedekerke Beaufort<\/p>\n<\/div>\n<div>\n<p class=\"x_MsoNormal\">President of the non-profit organization &#8220;Ligue des Amis du Ch\u00e2teau de V\u00eaves&#8221;.<\/p>\n<\/div>\n<p>[\/vc_column_text][vc_empty_space height=&#8221;25&#8243;]\t\t<\/div>\n\t<\/div>\n<\/div><\/div>[\/vc_column][\/vc_row][vc_row][vc_column]<div class=\"eltdf-elements-holder  eltdf-eh-full-height eltdf-two-columns  eltdf-responsive-mode-1024 eltdf-one-column-alignment-left\" style=\"background-color: #f8f8f8\"><div class=\"eltdf-eh-item    \"  data-item-class=\"eltdf-eh-custom-1644\" data-1400-1600=\"174px 18% 186px 16%\" data-1025-1399=\"174px 12.8% 186px 12.8%\" data-769-1024=\"147px 18.9% 160px 11.9%\" data-681-768=\"147px 10% 160px 10%\" data-680=\"147px 30px 160px 30px\">\n\t<div class=\"eltdf-eh-item-inner\">\n\t\t<div class=\"eltdf-eh-item-content eltdf-eh-custom-1644\" style=\"padding: 100px 20.7% 110px 26.1%\">\n\t\t\t<div class=\"eltdf-section-title-holder   \" style=\"text-align: left\">\n\t<div class=\"eltdf-st-inner\">\n                    <span class=\"eltdf-st-caption\" style=\"color: #c9ab81;margin: 0 0 6px 0\">\n                <span class=\"eltdf-st-caption-inner\" >Merci \u00e0 ...<\/span>\n            <\/span>\n        \t\t\t\t\t<h2 class=\"eltdf-st-title\" >\n    <span class=\"eltdf-st-title-inner\"><span class=\"eltdf-st-side-line-left\" ><\/span>Nos partenaires<span class=\"eltdf-st-side-line-right\" ><\/span><\/span>\n\t\t\t<\/h2>\n\t\t\t\t\t\t\t<\/div>\n<\/div>[vc_empty_space height=&#8221;3px&#8221;][vc_column_text css=&#8221;&#8221;]We would like to express our heartfelt gratitude to our partners for their invaluable support. Thanks to their precious help, we are able to continue developing our activities and reach new heights. Their commitment and collaboration are essential to our success, and we are honored to be able to count on them. A big thank you to each of our partners for their trust and their valuable contribution.[\/vc_column_text][vc_empty_space height=&#8221;25&#8243;][vc_single_image image=&#8221;4489&#8243; img_size=&#8221;&#8221; onclick=&#8221;custom_link&#8221; img_link_target=&#8221;_blank&#8221; css=&#8221;&#8221; link=&#8221;https:\/\/galettes-de-luc.be&#8221;]\t\t<\/div>\n\t<\/div>\n<\/div><div class=\"eltdf-eh-item    \" style=\"background-image: url(http:\/\/chateau-veves.be\/wp-content\/uploads\/2024\/07\/partenaires.jpg)\" data-item-class=\"eltdf-eh-custom-4439\" data-1400-1600=\"0 0 0 0\" data-1025-1399=\"0 0 0 0\" data-769-1024=\"364px 0\" data-681-768=\"364px 0\" data-680=\"364px 0\">\n\t<div class=\"eltdf-eh-item-inner\">\n\t\t<div class=\"eltdf-eh-item-content eltdf-eh-custom-4439\" style=\"padding: 0 0 0 0\">\n\t\t\t\t\t<\/div>\n\t<\/div>\n<\/div><\/div>[\/vc_column][\/vc_row][vc_row content_placement=&#8221;middle&#8221; content_text_aligment=&#8221;left&#8221; simple_background_color=&#8221;#f8f8f8&#8243;][vc_column]<div class=\"eltdf-elements-holder   eltdf-three-columns  eltdf-responsive-mode-1024 eltdf-one-column-alignment-left\" style=\"background-color: #f8f8f8\"><div class=\"eltdf-eh-item    \"  data-item-class=\"eltdf-eh-custom-8501\" data-1400-1600=\"0 0 8px 65px\" data-1025-1399=\"0 0 8px 40px\" data-769-1024=\"148px 0 155px 110px\" data-681-768=\"148px 0 155px 76px\" data-680=\"88px 30px 95px\">\n\t<div class=\"eltdf-eh-item-inner\">\n\t\t<div class=\"eltdf-eh-item-content eltdf-eh-custom-8501\" style=\"padding: 0 0 0 120px\">\n\t\t\t<div class=\"eltdf-section-title-holder   \" >\n\t<div class=\"eltdf-st-inner\">\n                    <span class=\"eltdf-st-caption\" style=\"color: #c9ab81;margin: 0 0 6px 0\">\n                <span class=\"eltdf-st-caption-inner\" >Nous r\u00e9pondons \u00e0 vos questions<\/span>\n            <\/span>\n        \t\t\t\t\t<h2 class=\"eltdf-st-title\" style=\"color: #4e4e4e\">\n    <span class=\"eltdf-st-title-inner\"><span class=\"eltdf-st-side-line-left\" ><\/span>Contact<span class=\"eltdf-st-side-line-right\" ><\/span><\/span>\n\t\t\t<\/h2>\n\t\t\t\t\t\t\t<\/div>\n<\/div>[vc_empty_space height=&#8221;4px&#8221;][vc_column_text]<a href=\"https:\/\/www.google.com\/maps\/place\/Ch%C3%A2teau+de+V%C3%AAves\/@50.2207248,4.9801793,17z\/data=!3m1!4b1!4m5!3m4!1s0x47c1c0b5a9fbba6b:0x18c108919e471138!8m2!3d50.2207214!4d4.982368\" target=\"_blank\" rel=\"noopener noreferrer\">Rue de Furfooz, 3 &#8211; 5561 Celles<\/a>[\/vc_column_text][vc_column_text]<a href=\"tel:0082666395\">+32 82 66 63 95<\/a>[\/vc_column_text][vc_column_text]<a href=\"mailto:contact@chateau-veves.be\">contact@chateau-veves.be<\/a>[\/vc_column_text][vc_empty_space height=&#8221;24px&#8221;]    <span class=\"eltdf-icon-shortcode eltdf-normal   \" style=\"margin: 0 20px 0 0\" data-hover-color=\"#c9ab81\" data-color=\"#4e4e4e\">\n                    <a itemprop=\"url\" class=\"\" href=\"https:\/\/www.facebook.com\/ChateauVeves\" target=\"_blank\">\n                    <span aria-hidden=\"true\" class=\"eltdf-icon-font-elegant social_facebook eltdf-icon-element\" style=\"color: #4e4e4e;font-size:13px\" ><\/span>                    <\/a>\n            <\/span>\n    <span class=\"eltdf-icon-shortcode eltdf-normal   \" style=\"margin: 0 22px 0 0\" data-hover-color=\"#c9ab81\" data-color=\"#4e4e4e\">\n                    <a itemprop=\"url\" class=\"\" href=\"https:\/\/www.instagram.com\/chateaudeveves\/\" target=\"_blank\">\n                    <span aria-hidden=\"true\" class=\"eltdf-icon-font-elegant social_instagram eltdf-icon-element\" style=\"color: #4e4e4e;font-size:13px\" ><\/span>                    <\/a>\n            <\/span>\n\t\t<\/div>\n\t<\/div>\n<\/div><div class=\"eltdf-eh-item    \"  data-item-class=\"eltdf-eh-custom-3000\" data-1400-1600=\"0 0 0 0\" data-1025-1399=\"0 0 0 0\" data-769-1024=\"0 0 0 0\" data-681-768=\"0 0 0 0\" data-680=\"0 0 0 0\">\n\t<div class=\"eltdf-eh-item-inner\">\n\t\t<div class=\"eltdf-eh-item-content eltdf-eh-custom-3000\" style=\"padding: 0 0 1px 0\">\n\t\t\t[vc_gmaps link=&#8221;#E-8_JTNDaWZyYW1lJTIwc3JjJTNEJTIyaHR0cHMlM0ElMkYlMkZ3d3cuZ29vZ2xlLmNvbSUyRm1hcHMlMkZlbWJlZCUzRnBiJTNEJTIxMW0xOCUyMTFtMTIlMjExbTMlMjExZDI1NTIuODEyNDY2MDg0MDAyNiUyMTJkNC45ODAxNzkzMTU4MzgxNzMlMjEzZDUwLjIyMDcyNDgxMTc3MTk5JTIxMm0zJTIxMWYwJTIxMmYwJTIxM2YwJTIxM20yJTIxMWkxMDI0JTIxMmk3NjglMjE0ZjEzLjElMjEzbTMlMjExbTIlMjExczB4NDdjMWMwYjVhOWZiYmE2YiUyNTNBMHgxOGMxMDg5MTllNDcxMTM4JTIxMnpRMmpEb25SbFlYVWdaR1VnVnNPcWRtVnolMjE1ZTAlMjEzbTIlMjExc2ZyJTIxMnNiZSUyMTR2MTU5NDg2MjgyODAzMSUyMTVtMiUyMTFzZnIlMjEyc2JlJTIyJTIwd2lkdGglM0QlMjI2MDAlMjIlMjBoZWlnaHQlM0QlMjI0NTAlMjIlMjBmcmFtZWJvcmRlciUzRCUyMjAlMjIlMjBzdHlsZSUzRCUyMmJvcmRlciUzQTAlM0IlMjIlMjBhbGxvd2Z1bGxzY3JlZW4lM0QlMjIlMjIlMjBhcmlhLWhpZGRlbiUzRCUyMmZhbHNlJTIyJTIwdGFiaW5kZXglM0QlMjIwJTIyJTNFJTNDJTJGaWZyYW1lJTNF&#8221;]\t\t<\/div>\n\t<\/div>\n<\/div><div class=\"eltdf-eh-item    \"  data-item-class=\"eltdf-eh-custom-3511\" data-1400-1600=\"0 65px 12px\" data-1025-1399=\"0 40px 12px\" data-769-1024=\"148px 520px 160px 110px\" data-681-768=\"148px 320px 160px 76px\" data-680=\"88px 30px 100px\">\n\t<div class=\"eltdf-eh-item-inner\">\n\t\t<div class=\"eltdf-eh-item-content eltdf-eh-custom-3511\" style=\"padding: 0 150px 12px 120px\">\n\t\t\t<div class=\"eltdf-section-title-holder   \" >\n\t<div class=\"eltdf-st-inner\">\n                    <span class=\"eltdf-st-caption\" style=\"color: #c9ab81;margin: 0 0 6px 0\">\n                <span class=\"eltdf-st-caption-inner\" >Une exp\u00e9rience unique<\/span>\n            <\/span>\n        \t\t\t\t\t<h2 class=\"eltdf-st-title\" style=\"color: #4e4e4e\">\n    <span class=\"eltdf-st-title-inner\"><span class=\"eltdf-st-side-line-left\" ><\/span>Visite guid\u00e9e<span class=\"eltdf-st-side-line-right\" ><\/span><\/span>\n\t\t\t<\/h2>\n\t\t\t\t\t\t\t<p class=\"eltdf-st-text\" style=\"margin: 13px 0 0 0\">\n\t\t\t\tD\u00e9couvrez et vivez l\u2019histoire du Ch\u00e2teau de V\u00eaves avec une visite guid\u00e9e. Nos accompagnateurs vous proposent une visite ludique et interactive, possible en 4 langues : fran\u00e7ais, n\u00e9erlandais, anglais et espagnol.\t\t\t<\/p>\n\t\t\t\t\t<\/div>\n<\/div>[vc_empty_space height=&#8221;41px&#8221;]\t\t<\/div>\n\t<\/div>\n<\/div><\/div>[\/vc_column][\/vc_row]<\/p>\n<\/div>","protected":false},"excerpt":{"rendered":"<p>[vc_row css=&#8221;.vc_custom_1659553366242{margin-top: 50px !important;}&#8221;][vc_column][\/vc_column][\/vc_row][vc_row][vc_column][\/vc_column][\/vc_row][vc_row][vc_column][\/vc_column][\/vc_row][vc_row content_placement=&#8221;middle&#8221; content_text_aligment=&#8221;left&#8221; simple_background_color=&#8221;#f8f8f8&#8243;][vc_column][\/vc_column][\/vc_row]<\/p>\n","protected":false},"author":1,"featured_media":0,"parent":0,"menu_order":0,"comment_status":"closed","ping_status":"closed","template":"full-width.php","meta":{"footnotes":""},"class_list":["post-4247","page","type-page","status-publish","hentry"],"yoast_head":"<!-- This site is optimized with the Yoast SEO plugin v26.7 - https:\/\/yoast.com\/wordpress\/plugins\/seo\/ -->\n<title>Our project, our sponsors &#8212; Ch\u00e2teau de V\u00eaves<\/title>\n<meta name=\"robots\" content=\"index, follow, max-snippet:-1, max-image-preview:large, max-video-preview:-1\" \/>\n<link rel=\"canonical\" href=\"http:\/\/chateau-veves.be\/en\/our-project-our-sponsors\/\" \/>\n<meta property=\"og:locale\" content=\"en_US\" \/>\n<meta property=\"og:type\" content=\"article\" \/>\n<meta property=\"og:title\" content=\"Our project, our sponsors &#8212; Ch\u00e2teau de V\u00eaves\" \/>\n<meta property=\"og:description\" content=\"[vc_row css=&#8221;.vc_custom_1659553366242{margin-top: 50px !important;}&#8221;][vc_column][\/vc_column][\/vc_row][vc_row][vc_column][\/vc_column][\/vc_row][vc_row][vc_column][\/vc_column][\/vc_row][vc_row content_placement=&#8221;middle&#8221; content_text_aligment=&#8221;left&#8221; simple_background_color=&#8221;#f8f8f8&#8243;][vc_column][\/vc_column][\/vc_row]\" \/>\n<meta property=\"og:url\" content=\"http:\/\/chateau-veves.be\/en\/our-project-our-sponsors\/\" \/>\n<meta property=\"og:site_name\" content=\"Ch\u00e2teau de V\u00eaves\" \/>\n<meta property=\"article:publisher\" content=\"https:\/\/www.facebook.com\/ChateauVeves\" \/>\n<meta property=\"article:modified_time\" content=\"2025-04-24T17:46:45+00:00\" \/>\n<meta name=\"twitter:card\" content=\"summary_large_image\" \/>\n<meta name=\"twitter:label1\" content=\"Est. reading time\" \/>\n\t<meta name=\"twitter:data1\" content=\"4 minutes\" \/>\n<script type=\"application\/ld+json\" class=\"yoast-schema-graph\">{\"@context\":\"https:\/\/schema.org\",\"@graph\":[{\"@type\":\"WebPage\",\"@id\":\"http:\/\/chateau-veves.be\/en\/our-project-our-sponsors\/\",\"url\":\"http:\/\/chateau-veves.be\/en\/our-project-our-sponsors\/\",\"name\":\"Our project, our sponsors &#8212; Ch\u00e2teau de V\u00eaves\",\"isPartOf\":{\"@id\":\"https:\/\/chateau-veves.be\/en\/#website\"},\"datePublished\":\"2022-08-03T18:08:49+00:00\",\"dateModified\":\"2025-04-24T17:46:45+00:00\",\"breadcrumb\":{\"@id\":\"http:\/\/chateau-veves.be\/en\/our-project-our-sponsors\/#breadcrumb\"},\"inLanguage\":\"en-US\",\"potentialAction\":[{\"@type\":\"ReadAction\",\"target\":[\"http:\/\/chateau-veves.be\/en\/our-project-our-sponsors\/\"]}]},{\"@type\":\"BreadcrumbList\",\"@id\":\"http:\/\/chateau-veves.be\/en\/our-project-our-sponsors\/#breadcrumb\",\"itemListElement\":[{\"@type\":\"ListItem\",\"position\":1,\"name\":\"Home\",\"item\":\"https:\/\/chateau-veves.be\/en\/\"},{\"@type\":\"ListItem\",\"position\":2,\"name\":\"Our project, our sponsors\"}]},{\"@type\":\"WebSite\",\"@id\":\"https:\/\/chateau-veves.be\/en\/#website\",\"url\":\"https:\/\/chateau-veves.be\/en\/\",\"name\":\"Ch\u00e2teau de V\u00eaves\",\"description\":\"\",\"publisher\":{\"@id\":\"https:\/\/chateau-veves.be\/en\/#organization\"},\"potentialAction\":[{\"@type\":\"SearchAction\",\"target\":{\"@type\":\"EntryPoint\",\"urlTemplate\":\"https:\/\/chateau-veves.be\/en\/?s={search_term_string}\"},\"query-input\":{\"@type\":\"PropertyValueSpecification\",\"valueRequired\":true,\"valueName\":\"search_term_string\"}}],\"inLanguage\":\"en-US\"},{\"@type\":\"Organization\",\"@id\":\"https:\/\/chateau-veves.be\/en\/#organization\",\"name\":\"Ch\u00e2teau de V\u00eaves\",\"url\":\"https:\/\/chateau-veves.be\/en\/\",\"logo\":{\"@type\":\"ImageObject\",\"inLanguage\":\"en-US\",\"@id\":\"https:\/\/chateau-veves.be\/en\/#\/schema\/logo\/image\/\",\"url\":\"https:\/\/chateau-veves.be\/wp-content\/uploads\/2019\/09\/logo_chateau_veves.png\",\"contentUrl\":\"https:\/\/chateau-veves.be\/wp-content\/uploads\/2019\/09\/logo_chateau_veves.png\",\"width\":500,\"height\":401,\"caption\":\"Ch\u00e2teau de V\u00eaves\"},\"image\":{\"@id\":\"https:\/\/chateau-veves.be\/en\/#\/schema\/logo\/image\/\"},\"sameAs\":[\"https:\/\/www.facebook.com\/ChateauVeves\",\"https:\/\/www.instagram.com\/chateaudeveves\/\"]}]}<\/script>\n<!-- \/ Yoast SEO plugin. -->","yoast_head_json":{"title":"Our project, our sponsors &#8212; Ch\u00e2teau de V\u00eaves","robots":{"index":"index","follow":"follow","max-snippet":"max-snippet:-1","max-image-preview":"max-image-preview:large","max-video-preview":"max-video-preview:-1"},"canonical":"http:\/\/chateau-veves.be\/en\/our-project-our-sponsors\/","og_locale":"en_US","og_type":"article","og_title":"Our project, our sponsors &#8212; Ch\u00e2teau de V\u00eaves","og_description":"[vc_row css=&#8221;.vc_custom_1659553366242{margin-top: 50px !important;}&#8221;][vc_column][\/vc_column][\/vc_row][vc_row][vc_column][\/vc_column][\/vc_row][vc_row][vc_column][\/vc_column][\/vc_row][vc_row content_placement=&#8221;middle&#8221; content_text_aligment=&#8221;left&#8221; simple_background_color=&#8221;#f8f8f8&#8243;][vc_column][\/vc_column][\/vc_row]","og_url":"http:\/\/chateau-veves.be\/en\/our-project-our-sponsors\/","og_site_name":"Ch\u00e2teau de V\u00eaves","article_publisher":"https:\/\/www.facebook.com\/ChateauVeves","article_modified_time":"2025-04-24T17:46:45+00:00","twitter_card":"summary_large_image","twitter_misc":{"Est. reading time":"4 minutes"},"schema":{"@context":"https:\/\/schema.org","@graph":[{"@type":"WebPage","@id":"http:\/\/chateau-veves.be\/en\/our-project-our-sponsors\/","url":"http:\/\/chateau-veves.be\/en\/our-project-our-sponsors\/","name":"Our project, our sponsors &#8212; Ch\u00e2teau de V\u00eaves","isPartOf":{"@id":"https:\/\/chateau-veves.be\/en\/#website"},"datePublished":"2022-08-03T18:08:49+00:00","dateModified":"2025-04-24T17:46:45+00:00","breadcrumb":{"@id":"http:\/\/chateau-veves.be\/en\/our-project-our-sponsors\/#breadcrumb"},"inLanguage":"en-US","potentialAction":[{"@type":"ReadAction","target":["http:\/\/chateau-veves.be\/en\/our-project-our-sponsors\/"]}]},{"@type":"BreadcrumbList","@id":"http:\/\/chateau-veves.be\/en\/our-project-our-sponsors\/#breadcrumb","itemListElement":[{"@type":"ListItem","position":1,"name":"Home","item":"https:\/\/chateau-veves.be\/en\/"},{"@type":"ListItem","position":2,"name":"Our project, our sponsors"}]},{"@type":"WebSite","@id":"https:\/\/chateau-veves.be\/en\/#website","url":"https:\/\/chateau-veves.be\/en\/","name":"Ch\u00e2teau de V\u00eaves","description":"","publisher":{"@id":"https:\/\/chateau-veves.be\/en\/#organization"},"potentialAction":[{"@type":"SearchAction","target":{"@type":"EntryPoint","urlTemplate":"https:\/\/chateau-veves.be\/en\/?s={search_term_string}"},"query-input":{"@type":"PropertyValueSpecification","valueRequired":true,"valueName":"search_term_string"}}],"inLanguage":"en-US"},{"@type":"Organization","@id":"https:\/\/chateau-veves.be\/en\/#organization","name":"Ch\u00e2teau de V\u00eaves","url":"https:\/\/chateau-veves.be\/en\/","logo":{"@type":"ImageObject","inLanguage":"en-US","@id":"https:\/\/chateau-veves.be\/en\/#\/schema\/logo\/image\/","url":"https:\/\/chateau-veves.be\/wp-content\/uploads\/2019\/09\/logo_chateau_veves.png","contentUrl":"https:\/\/chateau-veves.be\/wp-content\/uploads\/2019\/09\/logo_chateau_veves.png","width":500,"height":401,"caption":"Ch\u00e2teau de V\u00eaves"},"image":{"@id":"https:\/\/chateau-veves.be\/en\/#\/schema\/logo\/image\/"},"sameAs":["https:\/\/www.facebook.com\/ChateauVeves","https:\/\/www.instagram.com\/chateaudeveves\/"]}]}},"_links":{"self":[{"href":"http:\/\/chateau-veves.be\/en\/wp-json\/wp\/v2\/pages\/4247","targetHints":{"allow":["GET"]}}],"collection":[{"href":"http:\/\/chateau-veves.be\/en\/wp-json\/wp\/v2\/pages"}],"about":[{"href":"http:\/\/chateau-veves.be\/en\/wp-json\/wp\/v2\/types\/page"}],"author":[{"embeddable":true,"href":"http:\/\/chateau-veves.be\/en\/wp-json\/wp\/v2\/users\/1"}],"replies":[{"embeddable":true,"href":"http:\/\/chateau-veves.be\/en\/wp-json\/wp\/v2\/comments?post=4247"}],"version-history":[{"count":6,"href":"http:\/\/chateau-veves.be\/en\/wp-json\/wp\/v2\/pages\/4247\/revisions"}],"predecessor-version":[{"id":4716,"href":"http:\/\/chateau-veves.be\/en\/wp-json\/wp\/v2\/pages\/4247\/revisions\/4716"}],"wp:attachment":[{"href":"http:\/\/chateau-veves.be\/en\/wp-json\/wp\/v2\/media?parent=4247"}],"curies":[{"name":"wp","href":"https:\/\/api.w.org\/{rel}","templated":true}]}}