{"id":4006,"date":"2022-08-03T20:08:49","date_gmt":"2022-08-03T18:08:49","guid":{"rendered":"https:\/\/chateau-veves.be\/location-du-chateau\/"},"modified":"2025-04-24T19:05:41","modified_gmt":"2025-04-24T17:05:41","slug":"rental-of-the-castle","status":"publish","type":"page","link":"http:\/\/chateau-veves.be\/en\/rental-of-the-castle\/","title":{"rendered":"Castle rental"},"content":{"rendered":"<div class=\"wpb-content-wrapper\"><p>[vc_row css=&#8221;.vc_custom_1659553366242{margin-top: 50px !important;}&#8221;][vc_column]<div class=\"eltdf-elements-holder  eltdf-eh-full-height eltdf-two-columns  eltdf-responsive-mode-1024 eltdf-one-column-alignment-left\" style=\"background-color: #f8f8f8\"><div class=\"eltdf-eh-item    \"  data-item-class=\"eltdf-eh-custom-1470\" data-1400-1600=\"174px 18% 186px 16%\" data-1025-1399=\"174px 12.8% 186px 12.8%\" data-769-1024=\"147px 18.9% 160px 11.9%\" data-681-768=\"147px 10% 160px 10%\" data-680=\"147px 30px 160px 30px\">\n\t<div class=\"eltdf-eh-item-inner\">\n\t\t<div class=\"eltdf-eh-item-content eltdf-eh-custom-1470\" style=\"padding: 100px 20.7% 110px 26.1%\">\n\t\t\t<div class=\"eltdf-section-title-holder   \" style=\"text-align: left\">\n\t<div class=\"eltdf-st-inner\">\n                    <span class=\"eltdf-st-caption\" style=\"color: #c9ab81;margin: 0 0 6px 0\">\n                <span class=\"eltdf-st-caption-inner\" >Un lieu magique<\/span>\n            <\/span>\n        \t\t\t\t\t<h2 class=\"eltdf-st-title\" >\n    <span class=\"eltdf-st-title-inner\"><span class=\"eltdf-st-side-line-left\" ><\/span>Mariages et r\u00e9ceptions<span class=\"eltdf-st-side-line-right\" ><\/span><\/span>\n\t\t\t<\/h2>\n\t\t\t\t\t\t\t<\/div>\n<\/div>[vc_empty_space height=&#8221;3px&#8221;][vc_column_text]<\/p>\n<p style=\"font-weight: 400;\">How can you resist the charms of this ancient stronghold when it offers a 15th-century arms room (+\/- 100 m\u00b2), restored in the purest medieval tradition, as well as two adjoining 60 m\u00b2 rooms, for all types of receptions.<\/p>\n<p style=\"font-weight: 400;\">The monumental fireplace and the Chevetogne and Spontin sandstone paving in front of the hearth, forming a semi-circle decorated with several coats of arms, will take you back to the splendors of the past.<\/p>\n<p style=\"font-weight: 400;\">Possibility of evening dances (250 people).<\/p>\n<p style=\"font-weight: 400;\"><strong>Exterior<\/strong><\/p>\n<p style=\"font-weight: 400;\">With its inner courtyard dominated by a double half-timbered gallery, this romantic eagle&#8217;s nest, with its gray stone keep and six sharp towers, transports you in an instant to the most wonderful of picture books. Beautiful exterior lighting. <\/p>\n<p style=\"font-weight: 400;\"><strong>Practical information<\/strong><\/p>\n<ul>\n<li>Parking: +\/- 70 cars<\/li>\n<li>Open all year round<\/li>\n<li>Catering service of the customer&#8217;s choice from our selected partners (see partners)<\/li>\n<\/ul>\n<p><span style=\"font-weight: 400;\">Get in touch with our teams to work out the program that&#8217;s right for you: <\/span>+32 82 66 63 95 or contact@chateau-veves.be.[\/vc_column_text][vc_empty_space height=&#8221;25px&#8221;]\t\t<\/div>\n\t<\/div>\n<\/div><div class=\"eltdf-eh-item    \" style=\"background-image: url(http:\/\/chateau-veves.be\/wp-content\/uploads\/2022\/08\/location2.jpg)\" data-item-class=\"eltdf-eh-custom-4545\" data-1400-1600=\"0 0 0 0\" data-1025-1399=\"0 0 0 0\" data-769-1024=\"364px 0\" data-681-768=\"364px 0\" data-680=\"364px 0\">\n\t<div class=\"eltdf-eh-item-inner\">\n\t\t<div class=\"eltdf-eh-item-content eltdf-eh-custom-4545\" style=\"padding: 0 0 0 0\">\n\t\t\t\t\t<\/div>\n\t<\/div>\n<\/div><\/div>[\/vc_column][\/vc_row][vc_row][vc_column]<div class=\"eltdf-elements-holder  eltdf-eh-full-height eltdf-two-columns  eltdf-responsive-mode-1024 eltdf-one-column-alignment-left\" style=\"background-color: #f8f8f8\"><div class=\"eltdf-eh-item    \" style=\"background-image: url(http:\/\/chateau-veves.be\/wp-content\/uploads\/2022\/08\/location3-1.jpg)\" data-item-class=\"eltdf-eh-custom-8408\" data-1400-1600=\"0 0 0 0\" data-1025-1399=\"0 0 0 0\" data-769-1024=\"364px 0\" data-681-768=\"364px 0\" data-680=\"364px 0\">\n\t<div class=\"eltdf-eh-item-inner\">\n\t\t<div class=\"eltdf-eh-item-content eltdf-eh-custom-8408\" style=\"padding: 0 0 0 0\">\n\t\t\t\t\t<\/div>\n\t<\/div>\n<\/div><div class=\"eltdf-eh-item    \"  data-item-class=\"eltdf-eh-custom-7265\" data-1400-1600=\"174px 18% 186px 16%\" data-1025-1399=\"174px 12.8% 186px 12.8%\" data-769-1024=\"147px 18.9% 160px 11.9%\" data-681-768=\"147px 10% 160px 10%\" data-680=\"147px 30px 160px 30px\">\n\t<div class=\"eltdf-eh-item-inner\">\n\t\t<div class=\"eltdf-eh-item-content eltdf-eh-custom-7265\" style=\"padding: 100px 20.7% 110px 26.1%\">\n\t\t\t<div class=\"eltdf-section-title-holder   \" style=\"text-align: left\">\n\t<div class=\"eltdf-st-inner\">\n                    <span class=\"eltdf-st-caption\" style=\"color: #c9ab81;margin: 0 0 6px 0\">\n                <span class=\"eltdf-st-caption-inner\" >Location du ch\u00e2teau<\/span>\n            <\/span>\n        \t\t\t\t\t<h2 class=\"eltdf-st-title\" >\n    <span class=\"eltdf-st-title-inner\"><span class=\"eltdf-st-side-line-left\" ><\/span>Cr\u00e9ez votre \u00e9v\u00e8nement<span class=\"eltdf-st-side-line-right\" ><\/span><\/span>\n\t\t\t<\/h2>\n\t\t\t\t\t\t\t<\/div>\n<\/div>[vc_empty_space height=&#8221;3px&#8221;][vc_column_text]<\/p>\n<p style=\"font-weight: 400;\">Ch\u00e2teau de V\u00eaves regularly hosts a wide range of exceptional events in a variety of formats. Why not yours soon? <\/p>\n<ul>\n<li>Presentations of jewelry collections<\/li>\n<li>Feature films, advertising<\/li>\n<li>Classic car meets, sports rallies<\/li>\n<li>Gala dinners, seminars, cultural events<\/li>\n<li>Weddings, family celebrations, birthdays<\/li>\n<\/ul>\n<p style=\"font-weight: 400;\">At V\u00eaves, nothing is impossible!<\/p>\n<p style=\"font-weight: 400;\"><strong>Our banquet hall<\/strong><\/p>\n<p style=\"font-weight: 400;\">Area: 160m\u00b2<br \/>\nSeated dinner: 100 people<br \/>\nReception: 250 people<\/p>\n<p>[\/vc_column_text][vc_empty_space height=&#8221;25&#8243;]\t\t<\/div>\n\t<\/div>\n<\/div><\/div>[\/vc_column][\/vc_row][vc_row disable_element=&#8221;yes&#8221;][vc_column]<div class=\"eltdf-elements-holder  eltdf-eh-full-height eltdf-two-columns  eltdf-responsive-mode-1024 eltdf-one-column-alignment-left\" style=\"background-color: #f8f8f8\"><div class=\"eltdf-eh-item    \"  data-item-class=\"eltdf-eh-custom-5906\" data-1400-1600=\"174px 18% 186px 16%\" data-1025-1399=\"174px 12.8% 186px 12.8%\" data-769-1024=\"147px 18.9% 160px 11.9%\" data-681-768=\"147px 10% 160px 10%\" data-680=\"147px 30px 160px 30px\">\n\t<div class=\"eltdf-eh-item-inner\">\n\t\t<div class=\"eltdf-eh-item-content eltdf-eh-custom-5906\" style=\"padding: 100px 20.7% 110px 26.1%\">\n\t\t\t<div class=\"eltdf-section-title-holder   \" style=\"text-align: left\">\n\t<div class=\"eltdf-st-inner\">\n                    <span class=\"eltdf-st-caption\" style=\"color: #c9ab81;margin: 0 0 6px 0\">\n                <span class=\"eltdf-st-caption-inner\" >Offre pour les entreprises<\/span>\n            <\/span>\n        \t\t\t\t\t<h2 class=\"eltdf-st-title\" >\n    <span class=\"eltdf-st-title-inner\"><span class=\"eltdf-st-side-line-left\" ><\/span>Teambuilding - S\u00e9minaire<span class=\"eltdf-st-side-line-right\" ><\/span><\/span>\n\t\t\t<\/h2>\n\t\t\t\t\t\t\t<\/div>\n<\/div>[vc_empty_space height=&#8221;3px&#8221;][vc_column_text css=&#8221;&#8221;]<\/p>\n<p style=\"font-weight: 400;\">Between history, nature and adventure, our corporate package includes numerous activities, which can be selected from a variety of possibilities (fun activity, immersive Cluedo, guided tour, introduction to calligraphy, &#8230;).<\/p>\n<p style=\"font-weight: 400;\">For each activity, the team is guided by an experienced instructor, who explains the necessary tips and makes sure they run smoothly.<\/p>\n<p style=\"font-weight: 400;\">In and around the Ch\u00e2teau, our partners invite you to round off a day of seminars with a range of activities, some more sporting, others more cultural.<\/p>\n<p>We&#8217;ll tailor-make a program to suit your needs!<\/p>\n<p style=\"font-weight: 400;\"><b>Get in touch with our team  <\/b><\/p>\n<p>[\/vc_column_text][vc_empty_space height=&#8221;25px&#8221;]\t\t<\/div>\n\t<\/div>\n<\/div><div class=\"eltdf-eh-item    \" style=\"background-image: url(http:\/\/chateau-veves.be\/wp-content\/uploads\/2022\/08\/location4.jpg)\" data-item-class=\"eltdf-eh-custom-6235\" data-1400-1600=\"0 0 0 0\" data-1025-1399=\"0 0 0 0\" data-769-1024=\"364px 0\" data-681-768=\"364px 0\" data-680=\"364px 0\">\n\t<div class=\"eltdf-eh-item-inner\">\n\t\t<div class=\"eltdf-eh-item-content eltdf-eh-custom-6235\" style=\"padding: 0 0 0 0\">\n\t\t\t\t\t<\/div>\n\t<\/div>\n<\/div><\/div>[\/vc_column][\/vc_row][vc_row content_placement=&#8221;middle&#8221; content_text_aligment=&#8221;left&#8221; simple_background_color=&#8221;#f8f8f8&#8243;][vc_column]<div class=\"eltdf-elements-holder   eltdf-three-columns  eltdf-responsive-mode-1024 eltdf-one-column-alignment-left\" style=\"background-color: #f8f8f8\"><div class=\"eltdf-eh-item    \"  data-item-class=\"eltdf-eh-custom-8194\" data-1400-1600=\"0 0 8px 65px\" data-1025-1399=\"0 0 8px 40px\" data-769-1024=\"148px 0 155px 110px\" data-681-768=\"148px 0 155px 76px\" data-680=\"88px 30px 95px\">\n\t<div class=\"eltdf-eh-item-inner\">\n\t\t<div class=\"eltdf-eh-item-content eltdf-eh-custom-8194\" style=\"padding: 0 0 0 120px\">\n\t\t\t<div class=\"eltdf-section-title-holder   \" >\n\t<div class=\"eltdf-st-inner\">\n                    <span class=\"eltdf-st-caption\" style=\"color: #c9ab81;margin: 0 0 6px 0\">\n                <span class=\"eltdf-st-caption-inner\" >Nous r\u00e9pondons \u00e0 vos questions<\/span>\n            <\/span>\n        \t\t\t\t\t<h2 class=\"eltdf-st-title\" style=\"color: #4e4e4e\">\n    <span class=\"eltdf-st-title-inner\"><span class=\"eltdf-st-side-line-left\" ><\/span>Contact<span class=\"eltdf-st-side-line-right\" ><\/span><\/span>\n\t\t\t<\/h2>\n\t\t\t\t\t\t\t<\/div>\n<\/div>[vc_empty_space height=&#8221;4px&#8221;][vc_column_text]<a href=\"https:\/\/www.google.com\/maps\/place\/Ch%C3%A2teau+de+V%C3%AAves\/@50.2207248,4.9801793,17z\/data=!3m1!4b1!4m5!3m4!1s0x47c1c0b5a9fbba6b:0x18c108919e471138!8m2!3d50.2207214!4d4.982368\" target=\"_blank\" rel=\"noopener noreferrer\">Rue de Furfooz, 3 &#8211; 5561 Celles<\/a>[\/vc_column_text][vc_column_text]<a href=\"tel:0082666395\">+32 82 66 63 95<\/a>[\/vc_column_text][vc_column_text]<a href=\"mailto:contact@chateau-veves.be\">contact@chateau-veves.be<\/a>[\/vc_column_text][vc_empty_space height=&#8221;24px&#8221;]    <span class=\"eltdf-icon-shortcode eltdf-normal   \" style=\"margin: 0 20px 0 0\" data-hover-color=\"#c9ab81\" data-color=\"#4e4e4e\">\n                    <a itemprop=\"url\" class=\"\" href=\"https:\/\/www.facebook.com\/ChateauVeves\" target=\"_blank\">\n                    <span aria-hidden=\"true\" class=\"eltdf-icon-font-elegant social_facebook eltdf-icon-element\" style=\"color: #4e4e4e;font-size:13px\" ><\/span>                    <\/a>\n            <\/span>\n    <span class=\"eltdf-icon-shortcode eltdf-normal   \" style=\"margin: 0 22px 0 0\" data-hover-color=\"#c9ab81\" data-color=\"#4e4e4e\">\n                    <a itemprop=\"url\" class=\"\" href=\"https:\/\/www.instagram.com\/chateaudeveves\/\" target=\"_blank\">\n                    <span aria-hidden=\"true\" class=\"eltdf-icon-font-elegant social_instagram eltdf-icon-element\" style=\"color: #4e4e4e;font-size:13px\" ><\/span>                    <\/a>\n            <\/span>\n\t\t<\/div>\n\t<\/div>\n<\/div><div class=\"eltdf-eh-item    \"  data-item-class=\"eltdf-eh-custom-7136\" data-1400-1600=\"0 0 0 0\" data-1025-1399=\"0 0 0 0\" data-769-1024=\"0 0 0 0\" data-681-768=\"0 0 0 0\" data-680=\"0 0 0 0\">\n\t<div class=\"eltdf-eh-item-inner\">\n\t\t<div class=\"eltdf-eh-item-content eltdf-eh-custom-7136\" style=\"padding: 0 0 1px 0\">\n\t\t\t[vc_gmaps link=&#8221;#E-8_JTNDaWZyYW1lJTIwc3JjJTNEJTIyaHR0cHMlM0ElMkYlMkZ3d3cuZ29vZ2xlLmNvbSUyRm1hcHMlMkZlbWJlZCUzRnBiJTNEJTIxMW0xOCUyMTFtMTIlMjExbTMlMjExZDI1NTIuODEyNDY2MDg0MDAyNiUyMTJkNC45ODAxNzkzMTU4MzgxNzMlMjEzZDUwLjIyMDcyNDgxMTc3MTk5JTIxMm0zJTIxMWYwJTIxMmYwJTIxM2YwJTIxM20yJTIxMWkxMDI0JTIxMmk3NjglMjE0ZjEzLjElMjEzbTMlMjExbTIlMjExczB4NDdjMWMwYjVhOWZiYmE2YiUyNTNBMHgxOGMxMDg5MTllNDcxMTM4JTIxMnpRMmpEb25SbFlYVWdaR1VnVnNPcWRtVnolMjE1ZTAlMjEzbTIlMjExc2ZyJTIxMnNiZSUyMTR2MTU5NDg2MjgyODAzMSUyMTVtMiUyMTFzZnIlMjEyc2JlJTIyJTIwd2lkdGglM0QlMjI2MDAlMjIlMjBoZWlnaHQlM0QlMjI0NTAlMjIlMjBmcmFtZWJvcmRlciUzRCUyMjAlMjIlMjBzdHlsZSUzRCUyMmJvcmRlciUzQTAlM0IlMjIlMjBhbGxvd2Z1bGxzY3JlZW4lM0QlMjIlMjIlMjBhcmlhLWhpZGRlbiUzRCUyMmZhbHNlJTIyJTIwdGFiaW5kZXglM0QlMjIwJTIyJTNFJTNDJTJGaWZyYW1lJTNF&#8221;]\t\t<\/div>\n\t<\/div>\n<\/div><div class=\"eltdf-eh-item    \"  data-item-class=\"eltdf-eh-custom-4920\" data-1400-1600=\"0 65px 12px\" data-1025-1399=\"0 40px 12px\" data-769-1024=\"148px 520px 160px 110px\" data-681-768=\"148px 320px 160px 76px\" data-680=\"88px 30px 100px\">\n\t<div class=\"eltdf-eh-item-inner\">\n\t\t<div class=\"eltdf-eh-item-content eltdf-eh-custom-4920\" style=\"padding: 0 150px 12px 120px\">\n\t\t\t<div class=\"eltdf-section-title-holder   \" >\n\t<div class=\"eltdf-st-inner\">\n                    <span class=\"eltdf-st-caption\" style=\"color: #c9ab81;margin: 0 0 6px 0\">\n                <span class=\"eltdf-st-caption-inner\" >Une exp\u00e9rience unique<\/span>\n            <\/span>\n        \t\t\t\t\t<h2 class=\"eltdf-st-title\" style=\"color: #4e4e4e\">\n    <span class=\"eltdf-st-title-inner\"><span class=\"eltdf-st-side-line-left\" ><\/span>Visite guid\u00e9e<span class=\"eltdf-st-side-line-right\" ><\/span><\/span>\n\t\t\t<\/h2>\n\t\t\t\t\t\t\t<p class=\"eltdf-st-text\" style=\"margin: 13px 0 0 0\">\n\t\t\t\tD\u00e9couvrez et vivez l\u2019histoire du Ch\u00e2teau de V\u00eaves avec une visite guid\u00e9e. Nos accompagnateurs vous proposent une visite ludique et interactive, possible en 4 langues : fran\u00e7ais, n\u00e9erlandais, anglais et espagnol.\t\t\t<\/p>\n\t\t\t\t\t<\/div>\n<\/div>[vc_empty_space height=&#8221;41px&#8221;]\t\t<\/div>\n\t<\/div>\n<\/div><\/div>[\/vc_column][\/vc_row]<\/p>\n<\/div>","protected":false},"excerpt":{"rendered":"<p>[vc_row css=&#8221;.vc_custom_1659553366242{margin-top: 50px !important;}&#8221;][vc_column][\/vc_column][\/vc_row][vc_row][vc_column][\/vc_column][\/vc_row][vc_row disable_element=&#8221;yes&#8221;][vc_column][\/vc_column][\/vc_row][vc_row content_placement=&#8221;middle&#8221; content_text_aligment=&#8221;left&#8221; simple_background_color=&#8221;#f8f8f8&#8243;][vc_column][\/vc_column][\/vc_row]<\/p>\n","protected":false},"author":1,"featured_media":0,"parent":0,"menu_order":0,"comment_status":"closed","ping_status":"closed","template":"full-width.php","meta":{"footnotes":""},"class_list":["post-4006","page","type-page","status-publish","hentry"],"yoast_head":"<!-- This site is optimized with the Yoast SEO plugin v26.7 - https:\/\/yoast.com\/wordpress\/plugins\/seo\/ -->\n<title>Castle rental &#8212; Ch\u00e2teau de V\u00eaves<\/title>\n<meta name=\"robots\" content=\"index, follow, max-snippet:-1, max-image-preview:large, max-video-preview:-1\" \/>\n<link rel=\"canonical\" href=\"http:\/\/chateau-veves.be\/en\/rental-of-the-castle\/\" \/>\n<meta property=\"og:locale\" content=\"en_US\" \/>\n<meta property=\"og:type\" content=\"article\" \/>\n<meta property=\"og:title\" content=\"Castle rental &#8212; Ch\u00e2teau de V\u00eaves\" \/>\n<meta property=\"og:description\" content=\"[vc_row css=&#8221;.vc_custom_1659553366242{margin-top: 50px !important;}&#8221;][vc_column][\/vc_column][\/vc_row][vc_row][vc_column][\/vc_column][\/vc_row][vc_row disable_element=&#8221;yes&#8221;][vc_column][\/vc_column][\/vc_row][vc_row content_placement=&#8221;middle&#8221; content_text_aligment=&#8221;left&#8221; simple_background_color=&#8221;#f8f8f8&#8243;][vc_column][\/vc_column][\/vc_row]\" \/>\n<meta property=\"og:url\" content=\"http:\/\/chateau-veves.be\/en\/rental-of-the-castle\/\" \/>\n<meta property=\"og:site_name\" content=\"Ch\u00e2teau de V\u00eaves\" \/>\n<meta property=\"article:publisher\" content=\"https:\/\/www.facebook.com\/ChateauVeves\" \/>\n<meta property=\"article:modified_time\" content=\"2025-04-24T17:05:41+00:00\" \/>\n<meta name=\"twitter:card\" content=\"summary_large_image\" \/>\n<meta name=\"twitter:label1\" content=\"Est. reading time\" \/>\n\t<meta name=\"twitter:data1\" content=\"4 minutes\" \/>\n<script type=\"application\/ld+json\" class=\"yoast-schema-graph\">{\"@context\":\"https:\/\/schema.org\",\"@graph\":[{\"@type\":\"WebPage\",\"@id\":\"http:\/\/chateau-veves.be\/en\/rental-of-the-castle\/\",\"url\":\"http:\/\/chateau-veves.be\/en\/rental-of-the-castle\/\",\"name\":\"Castle rental &#8212; Ch\u00e2teau de V\u00eaves\",\"isPartOf\":{\"@id\":\"https:\/\/chateau-veves.be\/en\/#website\"},\"datePublished\":\"2022-08-03T18:08:49+00:00\",\"dateModified\":\"2025-04-24T17:05:41+00:00\",\"breadcrumb\":{\"@id\":\"http:\/\/chateau-veves.be\/en\/rental-of-the-castle\/#breadcrumb\"},\"inLanguage\":\"en-US\",\"potentialAction\":[{\"@type\":\"ReadAction\",\"target\":[\"http:\/\/chateau-veves.be\/en\/rental-of-the-castle\/\"]}]},{\"@type\":\"BreadcrumbList\",\"@id\":\"http:\/\/chateau-veves.be\/en\/rental-of-the-castle\/#breadcrumb\",\"itemListElement\":[{\"@type\":\"ListItem\",\"position\":1,\"name\":\"Home\",\"item\":\"https:\/\/chateau-veves.be\/en\/\"},{\"@type\":\"ListItem\",\"position\":2,\"name\":\"Castle rental\"}]},{\"@type\":\"WebSite\",\"@id\":\"https:\/\/chateau-veves.be\/en\/#website\",\"url\":\"https:\/\/chateau-veves.be\/en\/\",\"name\":\"Ch\u00e2teau de V\u00eaves\",\"description\":\"\",\"publisher\":{\"@id\":\"https:\/\/chateau-veves.be\/en\/#organization\"},\"potentialAction\":[{\"@type\":\"SearchAction\",\"target\":{\"@type\":\"EntryPoint\",\"urlTemplate\":\"https:\/\/chateau-veves.be\/en\/?s={search_term_string}\"},\"query-input\":{\"@type\":\"PropertyValueSpecification\",\"valueRequired\":true,\"valueName\":\"search_term_string\"}}],\"inLanguage\":\"en-US\"},{\"@type\":\"Organization\",\"@id\":\"https:\/\/chateau-veves.be\/en\/#organization\",\"name\":\"Ch\u00e2teau de V\u00eaves\",\"url\":\"https:\/\/chateau-veves.be\/en\/\",\"logo\":{\"@type\":\"ImageObject\",\"inLanguage\":\"en-US\",\"@id\":\"https:\/\/chateau-veves.be\/en\/#\/schema\/logo\/image\/\",\"url\":\"https:\/\/chateau-veves.be\/wp-content\/uploads\/2019\/09\/logo_chateau_veves.png\",\"contentUrl\":\"https:\/\/chateau-veves.be\/wp-content\/uploads\/2019\/09\/logo_chateau_veves.png\",\"width\":500,\"height\":401,\"caption\":\"Ch\u00e2teau de V\u00eaves\"},\"image\":{\"@id\":\"https:\/\/chateau-veves.be\/en\/#\/schema\/logo\/image\/\"},\"sameAs\":[\"https:\/\/www.facebook.com\/ChateauVeves\",\"https:\/\/www.instagram.com\/chateaudeveves\/\"]}]}<\/script>\n<!-- \/ Yoast SEO plugin. -->","yoast_head_json":{"title":"Castle rental &#8212; Ch\u00e2teau de V\u00eaves","robots":{"index":"index","follow":"follow","max-snippet":"max-snippet:-1","max-image-preview":"max-image-preview:large","max-video-preview":"max-video-preview:-1"},"canonical":"http:\/\/chateau-veves.be\/en\/rental-of-the-castle\/","og_locale":"en_US","og_type":"article","og_title":"Castle rental &#8212; Ch\u00e2teau de V\u00eaves","og_description":"[vc_row css=&#8221;.vc_custom_1659553366242{margin-top: 50px !important;}&#8221;][vc_column][\/vc_column][\/vc_row][vc_row][vc_column][\/vc_column][\/vc_row][vc_row disable_element=&#8221;yes&#8221;][vc_column][\/vc_column][\/vc_row][vc_row content_placement=&#8221;middle&#8221; content_text_aligment=&#8221;left&#8221; simple_background_color=&#8221;#f8f8f8&#8243;][vc_column][\/vc_column][\/vc_row]","og_url":"http:\/\/chateau-veves.be\/en\/rental-of-the-castle\/","og_site_name":"Ch\u00e2teau de V\u00eaves","article_publisher":"https:\/\/www.facebook.com\/ChateauVeves","article_modified_time":"2025-04-24T17:05:41+00:00","twitter_card":"summary_large_image","twitter_misc":{"Est. reading time":"4 minutes"},"schema":{"@context":"https:\/\/schema.org","@graph":[{"@type":"WebPage","@id":"http:\/\/chateau-veves.be\/en\/rental-of-the-castle\/","url":"http:\/\/chateau-veves.be\/en\/rental-of-the-castle\/","name":"Castle rental &#8212; Ch\u00e2teau de V\u00eaves","isPartOf":{"@id":"https:\/\/chateau-veves.be\/en\/#website"},"datePublished":"2022-08-03T18:08:49+00:00","dateModified":"2025-04-24T17:05:41+00:00","breadcrumb":{"@id":"http:\/\/chateau-veves.be\/en\/rental-of-the-castle\/#breadcrumb"},"inLanguage":"en-US","potentialAction":[{"@type":"ReadAction","target":["http:\/\/chateau-veves.be\/en\/rental-of-the-castle\/"]}]},{"@type":"BreadcrumbList","@id":"http:\/\/chateau-veves.be\/en\/rental-of-the-castle\/#breadcrumb","itemListElement":[{"@type":"ListItem","position":1,"name":"Home","item":"https:\/\/chateau-veves.be\/en\/"},{"@type":"ListItem","position":2,"name":"Castle rental"}]},{"@type":"WebSite","@id":"https:\/\/chateau-veves.be\/en\/#website","url":"https:\/\/chateau-veves.be\/en\/","name":"Ch\u00e2teau de V\u00eaves","description":"","publisher":{"@id":"https:\/\/chateau-veves.be\/en\/#organization"},"potentialAction":[{"@type":"SearchAction","target":{"@type":"EntryPoint","urlTemplate":"https:\/\/chateau-veves.be\/en\/?s={search_term_string}"},"query-input":{"@type":"PropertyValueSpecification","valueRequired":true,"valueName":"search_term_string"}}],"inLanguage":"en-US"},{"@type":"Organization","@id":"https:\/\/chateau-veves.be\/en\/#organization","name":"Ch\u00e2teau de V\u00eaves","url":"https:\/\/chateau-veves.be\/en\/","logo":{"@type":"ImageObject","inLanguage":"en-US","@id":"https:\/\/chateau-veves.be\/en\/#\/schema\/logo\/image\/","url":"https:\/\/chateau-veves.be\/wp-content\/uploads\/2019\/09\/logo_chateau_veves.png","contentUrl":"https:\/\/chateau-veves.be\/wp-content\/uploads\/2019\/09\/logo_chateau_veves.png","width":500,"height":401,"caption":"Ch\u00e2teau de V\u00eaves"},"image":{"@id":"https:\/\/chateau-veves.be\/en\/#\/schema\/logo\/image\/"},"sameAs":["https:\/\/www.facebook.com\/ChateauVeves","https:\/\/www.instagram.com\/chateaudeveves\/"]}]}},"_links":{"self":[{"href":"http:\/\/chateau-veves.be\/en\/wp-json\/wp\/v2\/pages\/4006","targetHints":{"allow":["GET"]}}],"collection":[{"href":"http:\/\/chateau-veves.be\/en\/wp-json\/wp\/v2\/pages"}],"about":[{"href":"http:\/\/chateau-veves.be\/en\/wp-json\/wp\/v2\/types\/page"}],"author":[{"embeddable":true,"href":"http:\/\/chateau-veves.be\/en\/wp-json\/wp\/v2\/users\/1"}],"replies":[{"embeddable":true,"href":"http:\/\/chateau-veves.be\/en\/wp-json\/wp\/v2\/comments?post=4006"}],"version-history":[{"count":7,"href":"http:\/\/chateau-veves.be\/en\/wp-json\/wp\/v2\/pages\/4006\/revisions"}],"predecessor-version":[{"id":4710,"href":"http:\/\/chateau-veves.be\/en\/wp-json\/wp\/v2\/pages\/4006\/revisions\/4710"}],"wp:attachment":[{"href":"http:\/\/chateau-veves.be\/en\/wp-json\/wp\/v2\/media?parent=4006"}],"curies":[{"name":"wp","href":"https:\/\/api.w.org\/{rel}","templated":true}]}}